{"id":10,"date":"2025-11-17T09:27:18","date_gmt":"2025-11-17T09:27:18","guid":{"rendered":"http:\/\/bgfiltration.kroegerwerbung.de\/?page_id=10"},"modified":"2026-03-24T12:24:39","modified_gmt":"2026-03-24T12:24:39","slug":"bg-filtration-filter-fuer-industrielle-anwendungen","status":"publish","type":"page","link":"https:\/\/bg-filtration.de\/en\/","title":{"rendered":"bg-filtration - Filters for industrial applications"},"content":{"rendered":"\t\t<div data-elementor-type=\"wp-page\" data-elementor-id=\"10\" class=\"elementor elementor-10\" data-elementor-post-type=\"page\">\n\t\t\t\t<div class=\"elementor-element elementor-element-2c6bcc3 e-con-full e-flex e-con e-parent\" data-id=\"2c6bcc3\" data-element_type=\"container\" data-e-type=\"container\" data-settings=\"{&quot;background_background&quot;:&quot;classic&quot;}\">\n\t\t<div class=\"elementor-element elementor-element-c944774 e-con-full e-flex e-con e-child\" data-id=\"c944774\" data-element_type=\"container\" data-e-type=\"container\">\n\t\t<div class=\"elementor-element elementor-element-9002887 e-con-full e-flex e-con e-child\" data-id=\"9002887\" data-element_type=\"container\" data-e-type=\"container\">\n\t\t\t\t<div class=\"elementor-element elementor-element-10c8137 elementor-widget elementor-widget-heading\" data-id=\"10c8137\" data-element_type=\"widget\" data-e-type=\"widget\" data-widget_type=\"heading.default\">\n\t\t\t\t\t<h1 class=\"elementor-heading-title elementor-size-default\">Als Hersteller f\u00fcr industrielle Filtersysteme realisieren wir f\u00fcr zahlreiche Branchen L\u00f6sungen zur sicheren Abscheidung von Staub, Sch\u00fcttg\u00fctern, Aerosolen und explosionsf\u00e4higen Stoffen.\nIndividuell ausgelegt auf Ihre Anwendung -\u00a0f\u00fcr saubere Prozesse und maximale Sicherheit.<\/h1>\t\t\t\t<\/div>\n\t\t\t\t<\/div>\n\t\t<div class=\"elementor-element elementor-element-8ebf4ad e-con-full elementor-hidden-desktop elementor-hidden-tablet elementor-hidden-mobile e-flex e-con e-child\" data-id=\"8ebf4ad\" data-element_type=\"container\" data-e-type=\"container\" data-settings=\"{&quot;background_background&quot;:&quot;classic&quot;}\">\n\t\t\t\t<div class=\"elementor-element elementor-element-664ae40 elementor-widget elementor-widget-image\" data-id=\"664ae40\" data-element_type=\"widget\" data-e-type=\"widget\" data-widget_type=\"image.default\">\n\t\t\t\t\t\t\t\t\t\t\t\t\t\t\t<img fetchpriority=\"high\" decoding=\"async\" width=\"429\" height=\"117\" src=\"https:\/\/bg-filtration.de\/wp-content\/uploads\/2026\/03\/solids-logo.png\" class=\"attachment-large size-large wp-image-6993\" alt=\"\" srcset=\"https:\/\/bg-filtration.de\/wp-content\/uploads\/2026\/03\/solids-logo.png 429w, https:\/\/bg-filtration.de\/wp-content\/uploads\/2026\/03\/solids-logo-300x82.png 300w, https:\/\/bg-filtration.de\/wp-content\/uploads\/2026\/03\/solids-logo-18x5.png 18w\" sizes=\"(max-width: 429px) 100vw, 429px\" \/>\t\t\t\t\t\t\t\t\t\t\t\t\t\t\t<\/div>\n\t\t\t\t<div class=\"elementor-element elementor-element-efbadcc elementor-widget elementor-widget-text-editor\" data-id=\"efbadcc\" data-element_type=\"widget\" data-e-type=\"widget\" data-widget_type=\"text-editor.default\">\n\t\t\t\t\t\t\t\t\t<p class=\"font-claude-response-body break-words whitespace-normal leading-[1.7]\"><strong>SOLIDS 2026 \u2013 Wir sind dabei<\/strong><\/p><p class=\"font-claude-response-body break-words whitespace-normal leading-[1.7]\">Vom 18. bis 19. M\u00e4rz finden Sie uns in <strong>Halle 5, Stand 5-N40<\/strong>. Sprechen Sie mit uns \u00fcber Ihre Anforderungen an Filtration, Entstaubung und ATEX-konforme L\u00f6sungen \u2013 oder vereinbaren Sie gleich vorab einen pers\u00f6nlichen Termin.<\/p>\t\t\t\t\t\t\t\t<\/div>\n\t\t\t\t<\/div>\n\t\t\t\t<\/div>\n\t\t\t\t<\/div>\n\t\t<div class=\"elementor-element elementor-element-cad10fe e-con-full e-flex e-con e-parent\" data-id=\"cad10fe\" data-element_type=\"container\" data-e-type=\"container\" data-settings=\"{&quot;background_background&quot;:&quot;classic&quot;}\">\n\t\t<div class=\"elementor-element elementor-element-e432713 e-con-full e-flex e-con e-child\" data-id=\"e432713\" data-element_type=\"container\" data-e-type=\"container\" data-settings=\"{&quot;background_background&quot;:&quot;classic&quot;}\">\n\t\t\t\t<div class=\"elementor-element elementor-element-3de0498 elementor-widget elementor-widget-text-editor\" data-id=\"3de0498\" data-element_type=\"widget\" data-e-type=\"widget\" data-widget_type=\"text-editor.default\">\n\t\t\t\t\t\t\t\t\t<p>Wir filtern<\/p>\t\t\t\t\t\t\t\t<\/div>\n\t\t\t\t<\/div>\n\t\t\t\t<\/div>\n\t\t<div class=\"elementor-element elementor-element-ebbf6e2 e-con-full e-flex e-con e-parent\" data-id=\"ebbf6e2\" data-element_type=\"container\" data-e-type=\"container\" data-settings=\"{&quot;background_background&quot;:&quot;classic&quot;,&quot;motion_fx_motion_fx_scrolling&quot;:&quot;yes&quot;,&quot;motion_fx_translateY_effect&quot;:&quot;yes&quot;,&quot;motion_fx_translateY_speed&quot;:{&quot;unit&quot;:&quot;px&quot;,&quot;size&quot;:4,&quot;sizes&quot;:[]},&quot;motion_fx_translateY_affectedRange&quot;:{&quot;unit&quot;:&quot;%&quot;,&quot;size&quot;:&quot;&quot;,&quot;sizes&quot;:{&quot;start&quot;:0,&quot;end&quot;:100}},&quot;motion_fx_devices&quot;:[&quot;desktop&quot;,&quot;tablet&quot;,&quot;mobile&quot;]}\">\n\t\t<div class=\"elementor-element elementor-element-e90183c e-con-full e-flex e-con e-child\" data-id=\"e90183c\" data-element_type=\"container\" data-e-type=\"container\" data-settings=\"{&quot;background_background&quot;:&quot;classic&quot;}\">\n\t\t\t\t<div class=\"elementor-element elementor-element-0d13898 elementor-widget elementor-widget-image\" data-id=\"0d13898\" data-element_type=\"widget\" data-e-type=\"widget\" data-widget_type=\"image.default\">\n\t\t\t\t\t\t\t\t\t\t\t\t\t\t\t<img decoding=\"async\" width=\"800\" height=\"450\" src=\"https:\/\/bg-filtration.de\/wp-content\/uploads\/2026\/03\/bg-filtration-planung-1024x576.webp\" class=\"attachment-large size-large wp-image-6333\" alt=\"bg filtration\" srcset=\"https:\/\/bg-filtration.de\/wp-content\/uploads\/2026\/03\/bg-filtration-planung-1024x576.webp 1024w, https:\/\/bg-filtration.de\/wp-content\/uploads\/2026\/03\/bg-filtration-planung-300x169.webp 300w, https:\/\/bg-filtration.de\/wp-content\/uploads\/2026\/03\/bg-filtration-planung-768x432.webp 768w, https:\/\/bg-filtration.de\/wp-content\/uploads\/2026\/03\/bg-filtration-planung.webp 1300w\" sizes=\"(max-width: 800px) 100vw, 800px\" \/>\t\t\t\t\t\t\t\t\t\t\t\t\t\t\t<\/div>\n\t\t\t\t<div class=\"elementor-element elementor-element-8608e3c elementor-widget elementor-widget-text-editor\" data-id=\"8608e3c\" data-element_type=\"widget\" data-e-type=\"widget\" data-widget_type=\"text-editor.default\">\n\t\t\t\t\t\t\t\t\t<h2 style=\"font-weight: 400;\">Warum es bei Filtern keine echte Standardl\u00f6sung gibt<\/h2><p style=\"font-weight: 400;\"><span style=\"color: #000000;\">Filterauslegung ist kein Kataloggesch\u00e4ft. Unterschiedliche Staubcharakteristiken, Druckniveaus und Emissionsanforderungen erfordern eine individuell ausgelegte L\u00f6sung. Nur so entstehen stabile Differenzdruckverh\u00e4ltnisse, lange Standzeiten und wirtschaftlicher Betrieb.<\/span><\/p>\t\t\t\t\t\t\t\t<\/div>\n\t\t\t\t<div class=\"elementor-element elementor-element-f7df197 elementor-widget elementor-widget-button\" data-id=\"f7df197\" data-element_type=\"widget\" data-e-type=\"widget\" data-widget_type=\"button.default\">\n\t\t\t\t\t\t\t\t\t\t<a class=\"elementor-button elementor-button-link elementor-size-sm\" href=\"https:\/\/bg-filtration.de\/technischer-leitfaden\/\">\n\t\t\t\t\t\t<span class=\"elementor-button-content-wrapper\">\n\t\t\t\t\t\t\t\t\t<span class=\"elementor-button-text\">\u2192 Zum technischen Leitfaden<\/span>\n\t\t\t\t\t<\/span>\n\t\t\t\t\t<\/a>\n\t\t\t\t\t\t\t\t<\/div>\n\t\t\t\t<\/div>\n\t\t<div class=\"elementor-element elementor-element-09c5f43 e-con-full e-flex e-con e-child\" data-id=\"09c5f43\" data-element_type=\"container\" data-e-type=\"container\" data-settings=\"{&quot;background_background&quot;:&quot;slideshow&quot;,&quot;background_slideshow_slide_duration&quot;:6000,&quot;background_slideshow_lazyload&quot;:&quot;yes&quot;,&quot;background_slideshow_gallery&quot;:[],&quot;background_slideshow_loop&quot;:&quot;yes&quot;,&quot;background_slideshow_slide_transition&quot;:&quot;fade&quot;,&quot;background_slideshow_transition_duration&quot;:500}\">\n\t\t\t\t<div class=\"elementor-element elementor-element-147d05c elementor-widget elementor-widget-image-carousel\" data-id=\"147d05c\" data-element_type=\"widget\" data-e-type=\"widget\" data-settings=\"{&quot;slides_to_show&quot;:&quot;1&quot;,&quot;navigation&quot;:&quot;none&quot;,&quot;autoplay&quot;:&quot;yes&quot;,&quot;pause_on_hover&quot;:&quot;yes&quot;,&quot;pause_on_interaction&quot;:&quot;yes&quot;,&quot;autoplay_speed&quot;:5000,&quot;infinite&quot;:&quot;yes&quot;,&quot;effect&quot;:&quot;slide&quot;,&quot;speed&quot;:500}\" data-widget_type=\"image-carousel.default\">\n\t\t\t\t\t\t\t<div class=\"elementor-image-carousel-wrapper swiper\" role=\"region\" aria-roledescription=\"carousel\" aria-label=\"Bild Karussell\" dir=\"ltr\">\n\t\t\t<div class=\"elementor-image-carousel swiper-wrapper\" aria-live=\"off\">\n\t\t\t\t\t\t\t\t<div class=\"swiper-slide\" role=\"group\" aria-roledescription=\"slide\" aria-label=\"1 von 3\"><figure class=\"swiper-slide-inner\"><img decoding=\"async\" class=\"swiper-slide-image\" src=\"https:\/\/bg-filtration.de\/wp-content\/uploads\/2026\/03\/bg-filtration-filtration-referenz-2.webp\" alt=\"bg filtration Referenz\" \/><\/figure><\/div><div class=\"swiper-slide\" role=\"group\" aria-roledescription=\"slide\" aria-label=\"2 von 3\"><figure class=\"swiper-slide-inner\"><img decoding=\"async\" class=\"swiper-slide-image\" src=\"https:\/\/bg-filtration.de\/wp-content\/uploads\/2026\/03\/bg-filtration-filtration-referenz-3.webp\" alt=\"bg filtration Referenz\" \/><\/figure><\/div><div class=\"swiper-slide\" role=\"group\" aria-roledescription=\"slide\" aria-label=\"3 von 3\"><figure class=\"swiper-slide-inner\"><img decoding=\"async\" class=\"swiper-slide-image\" src=\"https:\/\/bg-filtration.de\/wp-content\/uploads\/2026\/03\/bg-filtration-filtration-referenz-4.webp\" alt=\"bg filtration Referenz\" \/><\/figure><\/div>\t\t\t<\/div>\n\t\t\t\t\t\t\t\n\t\t\t\t\t\t\t\t\t<\/div>\n\t\t\t\t\t\t<\/div>\n\t\t\t\t<\/div>\n\t\t\t\t<\/div>\n\t\t\t\t<\/div>\n\t\t","protected":false},"excerpt":{"rendered":"<p>Als Hersteller f\u00fcr industrielle Filtersysteme realisieren wir f\u00fcr zahlreiche Branchen L\u00f6sungen zur sicheren Abscheidung von Staub, Sch\u00fcttg\u00fctern, Aerosolen und explosionsf\u00e4higen Stoffen. Individuell ausgelegt auf Ihre Anwendung &#8211;\u00a0f\u00fcr saubere Prozesse und maximale Sicherheit. SOLIDS 2026 \u2013 Wir sind dabei Vom 18. bis 19. M\u00e4rz finden Sie uns in Halle 5, Stand 5-N40. Sprechen Sie mit uns [&hellip;]<\/p>\n","protected":false},"author":1,"featured_media":0,"parent":0,"menu_order":0,"comment_status":"closed","ping_status":"closed","template":"","meta":{"footnotes":""},"class_list":["post-10","page","type-page","status-publish","hentry"],"yoast_head":"<!-- This site is optimized with the Yoast SEO Premium plugin v27.1 (Yoast SEO v27.1.1) - https:\/\/yoast.com\/product\/yoast-seo-premium-wordpress\/ -->\n<title>Industrielle Filtersysteme f\u00fcr maximale Sicherheit - bg-filtration<\/title>\n<meta name=\"description\" content=\"Individuell ausgelegte industrielle Filtersysteme sorgen f\u00fcr saubere Prozesse. Informieren Sie sich \u00fcber unsere L\u00f6sungen f\u00fcr Ihre Branche.\" \/>\n<meta name=\"robots\" content=\"index, follow, max-snippet:-1, max-image-preview:large, max-video-preview:-1\" \/>\n<link rel=\"canonical\" href=\"https:\/\/bg-filtration.de\/en\/\" \/>\n<meta property=\"og:locale\" content=\"en_GB\" \/>\n<meta property=\"og:type\" content=\"article\" \/>\n<meta property=\"og:title\" content=\"bg-filtration - Filter f\u00fcr industrielle Anwendungen\" \/>\n<meta property=\"og:description\" content=\"Individuell ausgelegte industrielle Filtersysteme sorgen f\u00fcr saubere Prozesse. Informieren Sie sich \u00fcber unsere L\u00f6sungen f\u00fcr Ihre Branche.\" \/>\n<meta property=\"og:url\" content=\"https:\/\/bg-filtration.de\/en\/\" \/>\n<meta property=\"og:site_name\" content=\"bg-filtration\" \/>\n<meta property=\"article:modified_time\" content=\"2026-03-24T12:24:39+00:00\" \/>\n<meta property=\"og:image\" content=\"https:\/\/bg-filtration.de\/wp-content\/uploads\/2026\/03\/solids-logo.png\" \/>\n\t<meta property=\"og:image:width\" content=\"429\" \/>\n\t<meta property=\"og:image:height\" content=\"117\" \/>\n\t<meta property=\"og:image:type\" content=\"image\/png\" \/>\n<meta name=\"twitter:card\" content=\"summary_large_image\" \/>\n<meta name=\"twitter:label1\" content=\"Estimated reading time\" \/>\n\t<meta name=\"twitter:data1\" content=\"2 minutes\" \/>\n<script type=\"application\/ld+json\" class=\"yoast-schema-graph\">{\"@context\":\"https:\/\/schema.org\",\"@graph\":[{\"@type\":\"WebPage\",\"@id\":\"https:\/\/bg-filtration.de\/\",\"url\":\"https:\/\/bg-filtration.de\/\",\"name\":\"Industrielle Filtersysteme f\u00fcr maximale Sicherheit - bg-filtration\",\"isPartOf\":{\"@id\":\"https:\/\/bg-filtration.de\/#website\"},\"primaryImageOfPage\":{\"@id\":\"https:\/\/bg-filtration.de\/#primaryimage\"},\"image\":{\"@id\":\"https:\/\/bg-filtration.de\/#primaryimage\"},\"thumbnailUrl\":\"https:\/\/bg-filtration.de\/wp-content\/uploads\/2026\/03\/solids-logo.png\",\"datePublished\":\"2025-11-17T09:27:18+00:00\",\"dateModified\":\"2026-03-24T12:24:39+00:00\",\"description\":\"Individuell ausgelegte industrielle Filtersysteme sorgen f\u00fcr saubere Prozesse. Informieren Sie sich \u00fcber unsere L\u00f6sungen f\u00fcr Ihre Branche.\",\"breadcrumb\":{\"@id\":\"https:\/\/bg-filtration.de\/#breadcrumb\"},\"inLanguage\":\"en-GB\",\"potentialAction\":[{\"@type\":\"ReadAction\",\"target\":[\"https:\/\/bg-filtration.de\/\"]}]},{\"@type\":\"ImageObject\",\"inLanguage\":\"en-GB\",\"@id\":\"https:\/\/bg-filtration.de\/#primaryimage\",\"url\":\"https:\/\/bg-filtration.de\/wp-content\/uploads\/2026\/03\/solids-logo.png\",\"contentUrl\":\"https:\/\/bg-filtration.de\/wp-content\/uploads\/2026\/03\/solids-logo.png\"},{\"@type\":\"BreadcrumbList\",\"@id\":\"https:\/\/bg-filtration.de\/#breadcrumb\",\"itemListElement\":[{\"@type\":\"ListItem\",\"position\":1,\"name\":\"Start\",\"item\":\"https:\/\/bg-filtration.de\/\"},{\"@type\":\"ListItem\",\"position\":2,\"name\":\"bg-filtration &#8211; Filter f\u00fcr industrielle Anwendungen\"}]},{\"@type\":\"WebSite\",\"@id\":\"https:\/\/bg-filtration.de\/#website\",\"url\":\"https:\/\/bg-filtration.de\/\",\"name\":\"bg-filtration\",\"description\":\"Industrielle Filtersysteme\",\"publisher\":{\"@id\":\"https:\/\/bg-filtration.de\/#organization\"},\"potentialAction\":[{\"@type\":\"SearchAction\",\"target\":{\"@type\":\"EntryPoint\",\"urlTemplate\":\"https:\/\/bg-filtration.de\/?s={search_term_string}\"},\"query-input\":{\"@type\":\"PropertyValueSpecification\",\"valueRequired\":true,\"valueName\":\"search_term_string\"}}],\"inLanguage\":\"en-GB\"},{\"@type\":\"Organization\",\"@id\":\"https:\/\/bg-filtration.de\/#organization\",\"name\":\"bg filtration gmbh\",\"url\":\"https:\/\/bg-filtration.de\/\",\"logo\":{\"@type\":\"ImageObject\",\"inLanguage\":\"en-GB\",\"@id\":\"https:\/\/bg-filtration.de\/#\/schema\/logo\/image\/\",\"url\":\"https:\/\/bg-filtration.de\/wp-content\/uploads\/2025\/11\/bg-filtration-logo.svg\",\"contentUrl\":\"https:\/\/bg-filtration.de\/wp-content\/uploads\/2025\/11\/bg-filtration-logo.svg\",\"width\":713,\"height\":155,\"caption\":\"bg filtration gmbh\"},\"image\":{\"@id\":\"https:\/\/bg-filtration.de\/#\/schema\/logo\/image\/\"},\"sameAs\":[\"https:\/\/www.linkedin.com\/company\/bg-filtration-gmbh\"],\"description\":\"Als Hersteller industrieller Filtersysteme realisieren wir f\u00fcr zahlreiche Branchen L\u00f6sungen zur sicheren Abscheidung von Staub, Sch\u00fcttg\u00fctern, Aerosolen und explosionsf\u00e4higen Stoffen. Individuell ausgelegt auf Ihre Anwendung - f\u00fcr saubere Prozesse und maximale Sicherheit.\",\"email\":\"info@bg-filtration.de\",\"telephone\":\"+49 7159 8069-0\",\"legalName\":\"bg filtration gmbh\",\"foundingDate\":\"1971-01-01\"}]}<\/script>\n<!-- \/ Yoast SEO Premium plugin. -->","yoast_head_json":{"title":"Industrial filter systems for maximum safety - bg-filtration","description":"Customised industrial filter systems ensure clean processes. Find out more about our solutions for your industry.","robots":{"index":"index","follow":"follow","max-snippet":"max-snippet:-1","max-image-preview":"max-image-preview:large","max-video-preview":"max-video-preview:-1"},"canonical":"https:\/\/bg-filtration.de\/en\/","og_locale":"en_GB","og_type":"article","og_title":"bg-filtration - Filter f\u00fcr industrielle Anwendungen","og_description":"Individuell ausgelegte industrielle Filtersysteme sorgen f\u00fcr saubere Prozesse. Informieren Sie sich \u00fcber unsere L\u00f6sungen f\u00fcr Ihre Branche.","og_url":"https:\/\/bg-filtration.de\/en\/","og_site_name":"bg-filtration","article_modified_time":"2026-03-24T12:24:39+00:00","og_image":[{"width":429,"height":117,"url":"https:\/\/bg-filtration.de\/wp-content\/uploads\/2026\/03\/solids-logo.png","type":"image\/png"}],"twitter_card":"summary_large_image","twitter_misc":{"Estimated reading time":"2 minutes"},"schema":{"@context":"https:\/\/schema.org","@graph":[{"@type":"WebPage","@id":"https:\/\/bg-filtration.de\/","url":"https:\/\/bg-filtration.de\/","name":"Industrial filter systems for maximum safety - bg-filtration","isPartOf":{"@id":"https:\/\/bg-filtration.de\/#website"},"primaryImageOfPage":{"@id":"https:\/\/bg-filtration.de\/#primaryimage"},"image":{"@id":"https:\/\/bg-filtration.de\/#primaryimage"},"thumbnailUrl":"https:\/\/bg-filtration.de\/wp-content\/uploads\/2026\/03\/solids-logo.png","datePublished":"2025-11-17T09:27:18+00:00","dateModified":"2026-03-24T12:24:39+00:00","description":"Customised industrial filter systems ensure clean processes. Find out more about our solutions for your industry.","breadcrumb":{"@id":"https:\/\/bg-filtration.de\/#breadcrumb"},"inLanguage":"en-GB","potentialAction":[{"@type":"ReadAction","target":["https:\/\/bg-filtration.de\/"]}]},{"@type":"ImageObject","inLanguage":"en-GB","@id":"https:\/\/bg-filtration.de\/#primaryimage","url":"https:\/\/bg-filtration.de\/wp-content\/uploads\/2026\/03\/solids-logo.png","contentUrl":"https:\/\/bg-filtration.de\/wp-content\/uploads\/2026\/03\/solids-logo.png"},{"@type":"BreadcrumbList","@id":"https:\/\/bg-filtration.de\/#breadcrumb","itemListElement":[{"@type":"ListItem","position":1,"name":"Start","item":"https:\/\/bg-filtration.de\/"},{"@type":"ListItem","position":2,"name":"bg-filtration &#8211; Filter f\u00fcr industrielle Anwendungen"}]},{"@type":"WebSite","@id":"https:\/\/bg-filtration.de\/#website","url":"https:\/\/bg-filtration.de\/","name":"bg-filtration","description":"Industrial filter systems","publisher":{"@id":"https:\/\/bg-filtration.de\/#organization"},"potentialAction":[{"@type":"SearchAction","target":{"@type":"EntryPoint","urlTemplate":"https:\/\/bg-filtration.de\/?s={search_term_string}"},"query-input":{"@type":"PropertyValueSpecification","valueRequired":true,"valueName":"search_term_string"}}],"inLanguage":"en-GB"},{"@type":"Organization","@id":"https:\/\/bg-filtration.de\/#organization","name":"bg filtration gmbh","url":"https:\/\/bg-filtration.de\/","logo":{"@type":"ImageObject","inLanguage":"en-GB","@id":"https:\/\/bg-filtration.de\/#\/schema\/logo\/image\/","url":"https:\/\/bg-filtration.de\/wp-content\/uploads\/2025\/11\/bg-filtration-logo.svg","contentUrl":"https:\/\/bg-filtration.de\/wp-content\/uploads\/2025\/11\/bg-filtration-logo.svg","width":713,"height":155,"caption":"bg filtration gmbh"},"image":{"@id":"https:\/\/bg-filtration.de\/#\/schema\/logo\/image\/"},"sameAs":["https:\/\/www.linkedin.com\/company\/bg-filtration-gmbh"],"description":"As a manufacturer of industrial filter systems, we realise solutions for the safe separation of dust, bulk materials, aerosols and explosive substances for numerous industries. Customised to your application - for clean processes and maximum safety.","email":"info@bg-filtration.de","telephone":"+49 7159 8069-0","legalName":"bg filtration gmbh","foundingDate":"1971-01-01"}]}},"_links":{"self":[{"href":"https:\/\/bg-filtration.de\/en\/wp-json\/wp\/v2\/pages\/10","targetHints":{"allow":["GET"]}}],"collection":[{"href":"https:\/\/bg-filtration.de\/en\/wp-json\/wp\/v2\/pages"}],"about":[{"href":"https:\/\/bg-filtration.de\/en\/wp-json\/wp\/v2\/types\/page"}],"author":[{"embeddable":true,"href":"https:\/\/bg-filtration.de\/en\/wp-json\/wp\/v2\/users\/1"}],"replies":[{"embeddable":true,"href":"https:\/\/bg-filtration.de\/en\/wp-json\/wp\/v2\/comments?post=10"}],"version-history":[{"count":33,"href":"https:\/\/bg-filtration.de\/en\/wp-json\/wp\/v2\/pages\/10\/revisions"}],"predecessor-version":[{"id":7627,"href":"https:\/\/bg-filtration.de\/en\/wp-json\/wp\/v2\/pages\/10\/revisions\/7627"}],"wp:attachment":[{"href":"https:\/\/bg-filtration.de\/en\/wp-json\/wp\/v2\/media?parent=10"}],"curies":[{"name":"what","href":"https:\/\/api.w.org\/{rel}","templated":true}]}}