{"id":4798,"date":"2026-03-05T19:28:08","date_gmt":"2026-03-05T19:28:08","guid":{"rendered":"http:\/\/bgfiltration.kroegerwerbung.de\/?page_id=4798"},"modified":"2026-03-13T15:40:24","modified_gmt":"2026-03-13T15:40:24","slug":"imprint-2","status":"publish","type":"page","link":"https:\/\/bg-filtration.de\/en\/impressum\/","title":{"rendered":"Imprint"},"content":{"rendered":"<div data-elementor-type=\"wp-page\" data-elementor-id=\"4798\" class=\"elementor elementor-4798\" data-elementor-post-type=\"page\">\n\t\t\t\t<div class=\"elementor-element elementor-element-a463f4b e-con-full e-flex e-con e-parent\" data-id=\"a463f4b\" data-element_type=\"container\" data-e-type=\"container\">\n\t\t\t\t<div class=\"elementor-element elementor-element-5f73b9a elementor-widget elementor-widget-text-editor\" data-id=\"5f73b9a\" data-element_type=\"widget\" data-e-type=\"widget\" data-widget_type=\"text-editor.default\">\n\t\t\t\t\t\t\t\t\t<div class=\"wpb_text_column has-custom-color wpex-child-inherit-color wpb_content_element\"><div class=\"wpb_wrapper\"><h1>Imprint<\/h1><p>bg filtration gmbh<\/p><p>Voithstr. 5<\/p><p>71272 Renningen<\/p><p>Germany<\/p><p>Phone +49 7159 8069-0<\/p><p>Fax +49 7159 7933<\/p><p>e-mail:\u00a0<a title=\"info@bg-filtration.de\" href=\"mailto:info@bg-filtration.de\">info@bg-filtration.de<\/a><\/p><p>Internet:\u00a0<a title=\"https:\/\/www.bg-filtration.de\" href=\"https:\/\/bg-filtration.de\/en\/\" target=\"_blank\" rel=\"noopener noreferrer\">https:\/\/www.bg-filtration.de<\/a><\/p><p>bg filtration gmbh is represented by: Managing Director Dr Volker Bauer<\/p><p><strong>Register court:<\/strong>\u00a0Stuttgart Local Court<\/p><p>Commercial register<\/p><p>Register number: HRB 744965<\/p><p><strong>Sales tax identification number<\/strong>\u00a0according to \u00a7 27a Value Added Tax Act (UStG): DE815448525<\/p><p><strong>Responsible for content<\/strong>\u00a0in accordance with \u00a7 55 of the Interstate Broadcasting Treaty (RStV): Dr Volker Bauer, Voithstr. 5, 71272 Renningen, Germany<\/p><p><strong>Photo credits<\/strong><\/p><p>\u00a9 bg filtrations gmbh<\/p><\/div><\/div><div class=\"vcex-spacing wpex-w-100 wpex-clear\">\u00a0<\/div><div class=\"wpb_text_column wpb_content_element\"><div class=\"wpb_wrapper\"><div id=\"cc-m-12011299299\" class=\"j-module n j-header\"><p id=\"cc-m-header-12011299299\"><strong>Disclaimer<\/strong><\/p><\/div><div id=\"cc-m-12011299399\" class=\"j-module n j-text\"><div class=\"janolaw-paragraph\">\u00a0<\/div><p>Liability for content<\/p><p>As a service provider, we are responsible for our own content on these pages in accordance with Section 7 (1) TMG (German Telemedia Act) and general legislation. According to \u00a7\u00a7 8 to 10 TMG, however, we as a service provider are not obliged to monitor transmitted or stored third-party information or to investigate circumstances that indicate illegal activity. Obligations to remove or block the use of information in accordance with general legislation remain unaffected by this. However, liability in this respect is only possible from the time of knowledge of a specific infringement. As soon as we become aware of such infringements, we will remove this content immediately.<\/p><p>Liability for links<\/p><p>Our website contains links to external third-party websites over whose content we have no influence. Therefore, we cannot accept any liability for this third-party content. The respective provider or operator of the pages is always responsible for the content of the linked pages. The linked pages were checked for possible legal violations at the time of linking. Illegal content was not recognisable at the time of linking. However, permanent monitoring of the content of the linked pages is not reasonable without concrete evidence of an infringement. If we become aware of any legal infringements, we will remove such links immediately.<\/p><p>Copyright<\/p><p>The content and works created by the site operators on these pages are subject to German copyright law. Duplication, processing, distribution and any kind of utilisation outside the limits of copyright law require the written consent of the respective author or creator. Downloads and copies of this site are only permitted for private, non-commercial use. Insofar as the content on this site was not created by the operator, the copyrights of third parties are respected. In particular, third-party content is labelled as such. Should you nevertheless become aware of a copyright infringement, please inform us accordingly. If we become aware of any infringements, we will remove such content immediately.<\/p><div class=\"janolaw-paragraph\"><p>Source reference:\u00a0<a title=\"https:\/\/www.e-recht24.de\/muster-datenschutzerklaerung.html\" href=\"https:\/\/www.e-recht24.de\/muster-datenschutzerklaerung.html\" target=\"_blank\" rel=\"noopener noreferrer\">https:\/\/www.e-recht24.de\/muster-datenschutzerklaerung.html<\/a><\/p><p>\u00a9 bg filtration gmbh, 71272 Renningen . All rights reserved.<\/p><\/div><\/div><\/div><\/div>\t\t\t\t\t\t\t\t<\/div>\n\t\t\t\t<\/div>\n\t\t\t\t<\/div>","protected":false},"excerpt":{"rendered":"<p>Impressum bg filtration gmbh Voithstr. 5 71272 Renningen Deutschland Telefon +49 7159 8069-0 Fax +49 7159 7933 E-Mail:\u00a0info@bg-filtration.de Internet:\u00a0https:\/\/www.bg-filtration.de bg filtration gmbh wird vertreten durch: Gesch\u00e4ftsf\u00fchrer Dr. Volker Bauer Registergericht:\u00a0Amtsgericht Stuttgart Handelsregister Registernummer: HRB 744965 Umsatzsteuer-Identifikationsnummer\u00a0gem\u00e4\u00df \u00a7 27a Umsatzsteuergesetz (UStG): DE815448525 Inhaltlich Verantwortlicher\u00a0gem\u00e4\u00df \u00a7 55 Rundfunkstaatsvertrag (RStV): Dr. Volker Bauer, Voithstr. 5,\u00a0 71272 Renningen, Deutschland [&hellip;]<\/p>\n","protected":false},"author":1,"featured_media":0,"parent":0,"menu_order":0,"comment_status":"closed","ping_status":"closed","template":"","meta":{"footnotes":""},"class_list":["post-4798","page","type-page","status-publish","hentry"],"yoast_head":"<!-- This site is optimized with the Yoast SEO Premium plugin v27.1 (Yoast SEO v27.1.1) - https:\/\/yoast.com\/product\/yoast-seo-premium-wordpress\/ -->\n<title>Impressum - bg-filtration<\/title>\n<meta name=\"robots\" content=\"index, follow, max-snippet:-1, max-image-preview:large, max-video-preview:-1\" \/>\n<link rel=\"canonical\" href=\"https:\/\/bg-filtration.de\/en\/imprint-2\/\" \/>\n<meta property=\"og:locale\" content=\"en_GB\" \/>\n<meta property=\"og:type\" content=\"article\" \/>\n<meta property=\"og:title\" content=\"Impressum\" \/>\n<meta property=\"og:description\" content=\"Impressum bg filtration gmbh Voithstr. 5 71272 Renningen Deutschland Telefon +49 7159 8069-0 Fax +49 7159 7933 E-Mail:\u00a0info@bg-filtration.de Internet:\u00a0https:\/\/www.bg-filtration.de bg filtration gmbh wird vertreten durch: Gesch\u00e4ftsf\u00fchrer Dr. Volker Bauer Registergericht:\u00a0Amtsgericht Stuttgart Handelsregister Registernummer: HRB 744965 Umsatzsteuer-Identifikationsnummer\u00a0gem\u00e4\u00df \u00a7 27a Umsatzsteuergesetz (UStG): DE815448525 Inhaltlich Verantwortlicher\u00a0gem\u00e4\u00df \u00a7 55 Rundfunkstaatsvertrag (RStV): Dr. Volker Bauer, Voithstr. 5,\u00a0 71272 Renningen, Deutschland [&hellip;]\" \/>\n<meta property=\"og:url\" content=\"https:\/\/bg-filtration.de\/en\/imprint-2\/\" \/>\n<meta property=\"og:site_name\" content=\"bg-filtration\" \/>\n<meta property=\"article:modified_time\" content=\"2026-03-13T15:40:24+00:00\" \/>\n<meta name=\"twitter:card\" content=\"summary_large_image\" \/>\n<meta name=\"twitter:label1\" content=\"Estimated reading time\" \/>\n\t<meta name=\"twitter:data1\" content=\"2 minutes\" \/>\n<script type=\"application\/ld+json\" class=\"yoast-schema-graph\">{\"@context\":\"https:\/\/schema.org\",\"@graph\":[{\"@type\":\"WebPage\",\"@id\":\"https:\/\/bg-filtration.de\/impressum\/\",\"url\":\"https:\/\/bg-filtration.de\/impressum\/\",\"name\":\"Impressum - bg-filtration\",\"isPartOf\":{\"@id\":\"https:\/\/bg-filtration.de\/#website\"},\"datePublished\":\"2026-03-05T19:28:08+00:00\",\"dateModified\":\"2026-03-13T15:40:24+00:00\",\"breadcrumb\":{\"@id\":\"https:\/\/bg-filtration.de\/impressum\/#breadcrumb\"},\"inLanguage\":\"en-GB\",\"potentialAction\":[{\"@type\":\"ReadAction\",\"target\":[\"https:\/\/bg-filtration.de\/impressum\/\"]}]},{\"@type\":\"BreadcrumbList\",\"@id\":\"https:\/\/bg-filtration.de\/impressum\/#breadcrumb\",\"itemListElement\":[{\"@type\":\"ListItem\",\"position\":1,\"name\":\"Start\",\"item\":\"https:\/\/bg-filtration.de\/\"},{\"@type\":\"ListItem\",\"position\":2,\"name\":\"Impressum\"}]},{\"@type\":\"WebSite\",\"@id\":\"https:\/\/bg-filtration.de\/#website\",\"url\":\"https:\/\/bg-filtration.de\/\",\"name\":\"bg-filtration\",\"description\":\"Industrielle Filtersysteme\",\"publisher\":{\"@id\":\"https:\/\/bg-filtration.de\/#organization\"},\"potentialAction\":[{\"@type\":\"SearchAction\",\"target\":{\"@type\":\"EntryPoint\",\"urlTemplate\":\"https:\/\/bg-filtration.de\/?s={search_term_string}\"},\"query-input\":{\"@type\":\"PropertyValueSpecification\",\"valueRequired\":true,\"valueName\":\"search_term_string\"}}],\"inLanguage\":\"en-GB\"},{\"@type\":\"Organization\",\"@id\":\"https:\/\/bg-filtration.de\/#organization\",\"name\":\"bg filtration gmbh\",\"url\":\"https:\/\/bg-filtration.de\/\",\"logo\":{\"@type\":\"ImageObject\",\"inLanguage\":\"en-GB\",\"@id\":\"https:\/\/bg-filtration.de\/#\/schema\/logo\/image\/\",\"url\":\"https:\/\/bg-filtration.de\/wp-content\/uploads\/2025\/11\/bg-filtration-logo.svg\",\"contentUrl\":\"https:\/\/bg-filtration.de\/wp-content\/uploads\/2025\/11\/bg-filtration-logo.svg\",\"width\":713,\"height\":155,\"caption\":\"bg filtration gmbh\"},\"image\":{\"@id\":\"https:\/\/bg-filtration.de\/#\/schema\/logo\/image\/\"},\"sameAs\":[\"https:\/\/www.linkedin.com\/company\/bg-filtration-gmbh\"],\"description\":\"Als Hersteller industrieller Filtersysteme realisieren wir f\u00fcr zahlreiche Branchen L\u00f6sungen zur sicheren Abscheidung von Staub, Sch\u00fcttg\u00fctern, Aerosolen und explosionsf\u00e4higen Stoffen. Individuell ausgelegt auf Ihre Anwendung - f\u00fcr saubere Prozesse und maximale Sicherheit.\",\"email\":\"info@bg-filtration.de\",\"telephone\":\"+49 7159 8069-0\",\"legalName\":\"bg filtration gmbh\",\"foundingDate\":\"1971-01-01\"}]}<\/script>\n<!-- \/ Yoast SEO Premium plugin. -->","yoast_head_json":{"title":"Imprint - bg-filtration","robots":{"index":"index","follow":"follow","max-snippet":"max-snippet:-1","max-image-preview":"max-image-preview:large","max-video-preview":"max-video-preview:-1"},"canonical":"https:\/\/bg-filtration.de\/en\/imprint-2\/","og_locale":"en_GB","og_type":"article","og_title":"Impressum","og_description":"Impressum bg filtration gmbh Voithstr. 5 71272 Renningen Deutschland Telefon +49 7159 8069-0 Fax +49 7159 7933 E-Mail:\u00a0info@bg-filtration.de Internet:\u00a0https:\/\/www.bg-filtration.de bg filtration gmbh wird vertreten durch: Gesch\u00e4ftsf\u00fchrer Dr. Volker Bauer Registergericht:\u00a0Amtsgericht Stuttgart Handelsregister Registernummer: HRB 744965 Umsatzsteuer-Identifikationsnummer\u00a0gem\u00e4\u00df \u00a7 27a Umsatzsteuergesetz (UStG): DE815448525 Inhaltlich Verantwortlicher\u00a0gem\u00e4\u00df \u00a7 55 Rundfunkstaatsvertrag (RStV): Dr. Volker Bauer, Voithstr. 5,\u00a0 71272 Renningen, Deutschland [&hellip;]","og_url":"https:\/\/bg-filtration.de\/en\/imprint-2\/","og_site_name":"bg-filtration","article_modified_time":"2026-03-13T15:40:24+00:00","twitter_card":"summary_large_image","twitter_misc":{"Estimated reading time":"2 minutes"},"schema":{"@context":"https:\/\/schema.org","@graph":[{"@type":"WebPage","@id":"https:\/\/bg-filtration.de\/impressum\/","url":"https:\/\/bg-filtration.de\/impressum\/","name":"Imprint - bg-filtration","isPartOf":{"@id":"https:\/\/bg-filtration.de\/#website"},"datePublished":"2026-03-05T19:28:08+00:00","dateModified":"2026-03-13T15:40:24+00:00","breadcrumb":{"@id":"https:\/\/bg-filtration.de\/impressum\/#breadcrumb"},"inLanguage":"en-GB","potentialAction":[{"@type":"ReadAction","target":["https:\/\/bg-filtration.de\/impressum\/"]}]},{"@type":"BreadcrumbList","@id":"https:\/\/bg-filtration.de\/impressum\/#breadcrumb","itemListElement":[{"@type":"ListItem","position":1,"name":"Start","item":"https:\/\/bg-filtration.de\/"},{"@type":"ListItem","position":2,"name":"Impressum"}]},{"@type":"WebSite","@id":"https:\/\/bg-filtration.de\/#website","url":"https:\/\/bg-filtration.de\/","name":"bg-filtration","description":"Industrial filter systems","publisher":{"@id":"https:\/\/bg-filtration.de\/#organization"},"potentialAction":[{"@type":"SearchAction","target":{"@type":"EntryPoint","urlTemplate":"https:\/\/bg-filtration.de\/?s={search_term_string}"},"query-input":{"@type":"PropertyValueSpecification","valueRequired":true,"valueName":"search_term_string"}}],"inLanguage":"en-GB"},{"@type":"Organization","@id":"https:\/\/bg-filtration.de\/#organization","name":"bg filtration gmbh","url":"https:\/\/bg-filtration.de\/","logo":{"@type":"ImageObject","inLanguage":"en-GB","@id":"https:\/\/bg-filtration.de\/#\/schema\/logo\/image\/","url":"https:\/\/bg-filtration.de\/wp-content\/uploads\/2025\/11\/bg-filtration-logo.svg","contentUrl":"https:\/\/bg-filtration.de\/wp-content\/uploads\/2025\/11\/bg-filtration-logo.svg","width":713,"height":155,"caption":"bg filtration gmbh"},"image":{"@id":"https:\/\/bg-filtration.de\/#\/schema\/logo\/image\/"},"sameAs":["https:\/\/www.linkedin.com\/company\/bg-filtration-gmbh"],"description":"As a manufacturer of industrial filter systems, we realise solutions for the safe separation of dust, bulk materials, aerosols and explosive substances for numerous industries. Customised to your application - for clean processes and maximum safety.","email":"info@bg-filtration.de","telephone":"+49 7159 8069-0","legalName":"bg filtration gmbh","foundingDate":"1971-01-01"}]}},"_links":{"self":[{"href":"https:\/\/bg-filtration.de\/en\/wp-json\/wp\/v2\/pages\/4798","targetHints":{"allow":["GET"]}}],"collection":[{"href":"https:\/\/bg-filtration.de\/en\/wp-json\/wp\/v2\/pages"}],"about":[{"href":"https:\/\/bg-filtration.de\/en\/wp-json\/wp\/v2\/types\/page"}],"author":[{"embeddable":true,"href":"https:\/\/bg-filtration.de\/en\/wp-json\/wp\/v2\/users\/1"}],"replies":[{"embeddable":true,"href":"https:\/\/bg-filtration.de\/en\/wp-json\/wp\/v2\/comments?post=4798"}],"version-history":[{"count":1,"href":"https:\/\/bg-filtration.de\/en\/wp-json\/wp\/v2\/pages\/4798\/revisions"}],"predecessor-version":[{"id":7006,"href":"https:\/\/bg-filtration.de\/en\/wp-json\/wp\/v2\/pages\/4798\/revisions\/7006"}],"wp:attachment":[{"href":"https:\/\/bg-filtration.de\/en\/wp-json\/wp\/v2\/media?parent=4798"}],"curies":[{"name":"what","href":"https:\/\/api.w.org\/{rel}","templated":true}]}}