{"id":584,"date":"2025-11-24T22:07:33","date_gmt":"2025-11-24T22:07:33","guid":{"rendered":"http:\/\/bgfiltration.kroegerwerbung.de\/?page_id=584"},"modified":"2026-04-28T08:45:26","modified_gmt":"2026-04-28T08:45:26","slug":"filter-design-for-your-application","status":"publish","type":"page","link":"https:\/\/bg-filtration.de\/en\/filterauslegung-fuer-ihre-anwendung\/","title":{"rendered":"Filter design for your application"},"content":{"rendered":"\t\t<div data-elementor-type=\"wp-page\" data-elementor-id=\"584\" class=\"elementor elementor-584\" data-elementor-post-type=\"page\">\n\t\t\t\t<div class=\"elementor-element elementor-element-25389bcd e-con-full e-flex e-con e-parent\" data-id=\"25389bcd\" data-element_type=\"container\" data-e-type=\"container\" data-settings=\"{&quot;background_background&quot;:&quot;classic&quot;}\">\n\t\t<div class=\"elementor-element elementor-element-5a594bc7 e-con-full e-flex e-con e-child\" data-id=\"5a594bc7\" data-element_type=\"container\" data-e-type=\"container\">\n\t\t\t\t<div class=\"elementor-element elementor-element-3b203824 elementor-widget elementor-widget-heading\" data-id=\"3b203824\" data-element_type=\"widget\" data-e-type=\"widget\" data-widget_type=\"heading.default\">\n\t\t\t\t\t<h1 class=\"elementor-heading-title elementor-size-default\">Filterauslegung f\u00fcr Ihre Anwendung<\/h1>\t\t\t\t<\/div>\n\t\t\t\t<div class=\"elementor-element elementor-element-5d09e24 elementor-widget elementor-widget-text-editor\" data-id=\"5d09e24\" data-element_type=\"widget\" data-e-type=\"widget\" data-widget_type=\"text-editor.default\">\n\t\t\t\t\t\t\t\t\t<p>Sie haben eine Anwendung und wissen nicht, welche Filterart, welche Filtergr\u00f6\u00dfe, oder ob Sie einen Explosionsschutz ben\u00f6tigen?<br \/>Sie haben besondere Anspr\u00fcche und ben\u00f6tigen ein ma\u00dfgeschneidertes Produkt?<br \/>Kein Problem!<\/p>\t\t\t\t\t\t\t\t<\/div>\n\t\t\t\t<\/div>\n\t\t\t\t<\/div>\n\t\t<div class=\"elementor-element elementor-element-7f0e969b e-con-full e-flex e-con e-parent\" data-id=\"7f0e969b\" data-element_type=\"container\" data-e-type=\"container\">\n\t\t<div class=\"elementor-element elementor-element-418d8773 e-con-full e-flex elementor-invisible e-con e-child\" data-id=\"418d8773\" data-element_type=\"container\" data-e-type=\"container\" data-settings=\"{&quot;background_background&quot;:&quot;classic&quot;,&quot;animation&quot;:&quot;fadeInUp&quot;}\">\n\t\t<div class=\"elementor-element elementor-element-5ab656df e-con-full e-flex e-con e-child\" data-id=\"5ab656df\" data-element_type=\"container\" data-e-type=\"container\">\n\t\t\t\t<div class=\"elementor-element elementor-element-13e3070f elementor-widget elementor-widget-text-editor\" data-id=\"13e3070f\" data-element_type=\"widget\" data-e-type=\"widget\" data-widget_type=\"text-editor.default\">\n\t\t\t\t\t\t\t\t\t<h2><span style=\"color: #ffffff;\">Dank unserer langj\u00e4hrigen Erfahrung mit vielen Anwendungen verschiedenster Produkte, helfen wir Ihnen bei:<\/span><\/h2><ul><li>der Auslegung der Filterfl\u00e4che<\/li><li>der Auswahl des passenden des Filtertyps<\/li><li>der Auswahl des passenden Filtermediums<\/li><li>der Berechnung des ben\u00f6tigten Ventilators<\/li><li>der Auswahl und Auslegung des Explosionsschutzes<\/li><li>der Auslegung von Zyklonen<\/li><li>der Planung und Umsetzung Ihrer Anlage<\/li><li>der Umsetzung von individuellen Anforderungen und W\u00fcnschen<\/li><\/ul>\t\t\t\t\t\t\t\t<\/div>\n\t\t\t\t<\/div>\n\t\t\t\t<\/div>\n\t\t<div class=\"elementor-element elementor-element-b1d1d96 e-con-full e-flex e-con e-child\" data-id=\"b1d1d96\" data-element_type=\"container\" data-e-type=\"container\">\n\t\t\t\t<div class=\"elementor-element elementor-element-26a3587e elementor-invisible elementor-widget elementor-widget-image\" data-id=\"26a3587e\" data-element_type=\"widget\" data-e-type=\"widget\" data-settings=\"{&quot;_animation&quot;:&quot;fadeInLeft&quot;}\" data-widget_type=\"image.default\">\n\t\t\t\t\t\t\t\t\t\t\t\t\t\t\t<img fetchpriority=\"high\" decoding=\"async\" width=\"800\" height=\"602\" src=\"https:\/\/bg-filtration.de\/wp-content\/uploads\/2025\/11\/bg-filtration-feine-partikel-1024x771.jpg\" class=\"attachment-large size-large wp-image-1352\" alt=\"\" srcset=\"https:\/\/bg-filtration.de\/wp-content\/uploads\/2025\/11\/bg-filtration-feine-partikel-1024x771.jpg 1024w, https:\/\/bg-filtration.de\/wp-content\/uploads\/2025\/11\/bg-filtration-feine-partikel-300x226.jpg 300w, https:\/\/bg-filtration.de\/wp-content\/uploads\/2025\/11\/bg-filtration-feine-partikel-768x578.jpg 768w, https:\/\/bg-filtration.de\/wp-content\/uploads\/2025\/11\/bg-filtration-feine-partikel.jpg 1232w\" sizes=\"(max-width: 800px) 100vw, 800px\" \/>\t\t\t\t\t\t\t\t\t\t\t\t\t\t\t<\/div>\n\t\t\t\t<\/div>\n\t\t\t\t<\/div>\n\t\t<div class=\"elementor-element elementor-element-46de6713 e-con-full e-flex e-con e-parent\" data-id=\"46de6713\" data-element_type=\"container\" data-e-type=\"container\">\n\t\t<div class=\"elementor-element elementor-element-71d3c602 e-con-full e-flex e-con e-child\" data-id=\"71d3c602\" data-element_type=\"container\" data-e-type=\"container\" data-settings=\"{&quot;background_background&quot;:&quot;classic&quot;}\">\n\t\t\t\t<div class=\"elementor-element elementor-element-c7fe828 elementor-widget elementor-widget-text-editor\" data-id=\"c7fe828\" data-element_type=\"widget\" data-e-type=\"widget\" data-widget_type=\"text-editor.default\">\n\t\t\t\t\t\t\t\t\t<h3 class=\"p1\"><span style=\"color: #193f77;\">Nur zwei Minuten.<\/span><\/h3><p class=\"p1\"><span style=\"color: #193f77;\">Investieren und Sie zwei Minuten und erhalten Sie in nur zwei Werktagen die passende Systemauslegung f\u00fcr Ihr Projekt als Basis unseres Erstgespr\u00e4ches.<\/span><\/p><p class=\"p1\"><span style=\"color: #193f77;\">Wir beraten Sie zu ma\u00dfgeschneiderten Filtrationsl\u00f6sungen f\u00fcr die Verarbeitung von Milchpulver. Sie ben\u00f6tigen schnelle Hilfe bei der Auswahl und Auslegung eines Filters f\u00fcr Ihre Anwendung?<\/span><\/p><p class=\"p1\"><span style=\"color: #193f77;\">Tragen Sie Ihre Daten einfach in das Formular ein und wir melden uns innerhalb der n\u00e4chsten 2-3 Werktage bei Ihnen.<\/span><\/p>\t\t\t\t\t\t\t\t<\/div>\n\t\t\t\t<div class=\"elementor-element elementor-element-6c5b5a53 elementor-button-align-stretch elementor-widget elementor-widget-global elementor-global-201 elementor-widget-form\" data-id=\"6c5b5a53\" data-element_type=\"widget\" data-e-type=\"widget\" data-settings=\"{&quot;step_next_label&quot;:&quot;Next&quot;,&quot;step_previous_label&quot;:&quot;Previous&quot;,&quot;button_width&quot;:&quot;100&quot;,&quot;step_type&quot;:&quot;number_text&quot;,&quot;step_icon_shape&quot;:&quot;circle&quot;}\" data-widget_type=\"form.default\">\n\t\t\t\t\t\t\t<form class=\"elementor-form\" method=\"post\" name=\"Kontaktanfrage global\" aria-label=\"Kontaktanfrage global\">\n\t\t\t<input type=\"hidden\" name=\"post_id\" value=\"584\"\/>\n\t\t\t<input type=\"hidden\" name=\"form_id\" value=\"6c5b5a53\"\/>\n\t\t\t<input type=\"hidden\" name=\"referer_title\" value=\"bg-filtration\" \/>\n\n\t\t\t\n\t\t\t<div class=\"elementor-form-fields-wrapper elementor-labels-\">\n\t\t\t\t\t\t\t\t<div class=\"elementor-field-type-step elementor-field-group elementor-column elementor-field-group-field_d2d57f4 elementor-col-100\">\n\t\t\t\t\t\t\t<div class=\"e-field-step elementor-hidden\" data-label=\"\" data-previousButton=\"\" data-nextButton=\"\" data-iconUrl=\"\" data-iconLibrary=\"fas fa-star\" data-icon=\"&lt;svg class=&quot;e-font-icon-svg e-fas-star&quot; viewBox=&quot;0 0 576 512&quot; xmlns=&quot;http:\/\/www.w3.org\/2000\/svg&quot;&gt;&lt;path d=&quot;M259.3 17.8L194 150.2 47.9 171.5c-26.2 3.8-36.7 36.1-17.7 54.6l105.7 103-25 145.5c-4.5 26.3 23.2 46 46.4 33.7L288 439.6l130.7 68.7c23.2 12.2 50.9-7.4 46.4-33.7l-25-145.5 105.7-103c19-18.5 8.5-50.8-17.7-54.6L382 150.2 316.7 17.8c-11.7-23.6-45.6-23.9-57.4 0z&quot;&gt;&lt;\/path&gt;&lt;\/svg&gt;\" ><\/div>\n\n\t\t\t\t\t\t<\/div>\n\t\t\t\t\t\t\t\t<div class=\"elementor-field-type-text elementor-field-group elementor-column elementor-field-group-name elementor-col-100\">\n\t\t\t\t\t\t\t\t\t\t\t\t<label for=\"form-field-name\" class=\"elementor-field-label elementor-screen-only\">\n\t\t\t\t\t\t\t\tName\t\t\t\t\t\t\t<\/label>\n\t\t\t\t\t\t\t\t\t\t\t\t\t\t<input size=\"1\" type=\"text\" name=\"form_fields[name]\" id=\"form-field-name\" class=\"elementor-field elementor-size-sm  elementor-field-textual\" placeholder=\"Name\">\n\t\t\t\t\t\t\t\t\t\t\t<\/div>\n\t\t\t\t\t\t\t\t<div class=\"elementor-field-type-text\">\n\t\t\t\t\t<input size=\"1\" type=\"text\" name=\"form_fields[field_a9b3398]\" id=\"form-field-field_a9b3398\" class=\"elementor-field elementor-size-sm \" style=\"display:none !important;\">\t\t\t\t<\/div>\n\t\t\t\t\t\t\t\t<div class=\"elementor-field-type-email elementor-field-group elementor-column elementor-field-group-email elementor-col-100 elementor-field-required\">\n\t\t\t\t\t\t\t\t\t\t\t\t<label for=\"form-field-email\" class=\"elementor-field-label elementor-screen-only\">\n\t\t\t\t\t\t\t\tEmail\t\t\t\t\t\t\t<\/label>\n\t\t\t\t\t\t\t\t\t\t\t\t\t\t<input size=\"1\" type=\"email\" name=\"form_fields[email]\" id=\"form-field-email\" class=\"elementor-field elementor-size-sm  elementor-field-textual\" placeholder=\"Email\" required=\"required\">\n\t\t\t\t\t\t\t\t\t\t\t<\/div>\n\t\t\t\t\t\t\t\t<div class=\"elementor-field-type-step elementor-field-group elementor-column elementor-field-group-field_a7f34b1 elementor-col-100\">\n\t\t\t\t\t\t\t<div class=\"e-field-step elementor-hidden\" data-label=\"\" data-previousButton=\"\" data-nextButton=\"\" data-iconUrl=\"\" data-iconLibrary=\"fas fa-star\" data-icon=\"&lt;svg class=&quot;e-font-icon-svg e-fas-star&quot; viewBox=&quot;0 0 576 512&quot; xmlns=&quot;http:\/\/www.w3.org\/2000\/svg&quot;&gt;&lt;path d=&quot;M259.3 17.8L194 150.2 47.9 171.5c-26.2 3.8-36.7 36.1-17.7 54.6l105.7 103-25 145.5c-4.5 26.3 23.2 46 46.4 33.7L288 439.6l130.7 68.7c23.2 12.2 50.9-7.4 46.4-33.7l-25-145.5 105.7-103c19-18.5 8.5-50.8-17.7-54.6L382 150.2 316.7 17.8c-11.7-23.6-45.6-23.9-57.4 0z&quot;&gt;&lt;\/path&gt;&lt;\/svg&gt;\" ><\/div>\n\n\t\t\t\t\t\t<\/div>\n\t\t\t\t\t\t\t\t<div class=\"elementor-field-type-textarea elementor-field-group elementor-column elementor-field-group-message elementor-col-100\">\n\t\t\t\t\t\t\t\t\t\t\t\t<label for=\"form-field-message\" class=\"elementor-field-label elementor-screen-only\">\n\t\t\t\t\t\t\t\tMessage\t\t\t\t\t\t\t<\/label>\n\t\t\t\t\t\t<textarea class=\"elementor-field-textual elementor-field  elementor-size-sm\" name=\"form_fields[message]\" id=\"form-field-message\" rows=\"4\" placeholder=\"Message\"><\/textarea>\t\t\t\t<\/div>\n\t\t\t\t\t\t\t\t<div class=\"elementor-field-type-recaptcha_v3 elementor-field-group elementor-column elementor-field-group-field_d425649 elementor-col-100 recaptcha_v3-bottomright\">\n\t\t\t\t\t<div class=\"elementor-field\" id=\"form-field-field_d425649\"><div class=\"elementor-g-recaptcha\" data-sitekey=\"6Le-aYwsAAAAAJjygGU5R8aCmSuvBx9ckSk9RV2M\" data-type=\"v3\" data-action=\"Form\" data-badge=\"bottomright\" data-size=\"invisible\"><\/div><\/div>\t\t\t\t<\/div>\n\t\t\t\t\t\t\t\t<div class=\"elementor-field-group elementor-column elementor-field-type-submit elementor-col-100 e-form__buttons\">\n\t\t\t\t\t<button class=\"elementor-button elementor-size-sm\" type=\"submit\">\n\t\t\t\t\t\t<span class=\"elementor-button-content-wrapper\">\n\t\t\t\t\t\t\t\t\t\t\t\t\t\t\t\t\t\t\t\t\t\t<span class=\"elementor-button-text\">Send<\/span>\n\t\t\t\t\t\t\t\t\t\t\t\t\t<\/span>\n\t\t\t\t\t<\/button>\n\t\t\t\t<\/div>\n\t\t\t<\/div>\n\t\t<\/form>\n\t\t\t\t\t\t<\/div>\n\t\t\t\t<\/div>\n\t\t<div class=\"elementor-element elementor-element-753446a4 e-con-full e-flex e-con e-child\" data-id=\"753446a4\" data-element_type=\"container\" data-e-type=\"container\">\n\t\t\t\t<div class=\"elementor-element elementor-element-53f85f3c elementor-widget elementor-widget-text-editor\" data-id=\"53f85f3c\" data-element_type=\"widget\" data-e-type=\"widget\" data-widget_type=\"text-editor.default\">\n\t\t\t\t\t\t\t\t\t<p>Das richtige Filtersystem ist einentscheidender Faktor f\u00fcr die Sicherheit von Maschinen, Abl\u00e4ufen, Produktsicherheit und die Gesundheit Ihrer Mitarbeitenden. Fehler in der Filterkonfiguration k\u00f6nnen sich enscheidend auf diese Faktoren auswirken. Bei uns arbeiten nur Fachleute, unser modularen Systeme sind industriell erprobt und von bester Qualit\u00e4t.<\/p><p>Pascal Wieland<\/p>\t\t\t\t\t\t\t\t<\/div>\n\t\t\t\t<div class=\"elementor-element elementor-element-7bf33114 elementor-widget elementor-widget-image\" data-id=\"7bf33114\" data-element_type=\"widget\" data-e-type=\"widget\" data-widget_type=\"image.default\">\n\t\t\t\t\t\t\t\t\t\t\t\t\t\t\t<img decoding=\"async\" width=\"300\" height=\"241\" src=\"https:\/\/bg-filtration.de\/wp-content\/uploads\/2025\/11\/bg-filtration-pascal-wieland-300x241.webp\" class=\"attachment-medium size-medium wp-image-155\" alt=\"\" srcset=\"https:\/\/bg-filtration.de\/wp-content\/uploads\/2025\/11\/bg-filtration-pascal-wieland-300x241.webp 300w, https:\/\/bg-filtration.de\/wp-content\/uploads\/2025\/11\/bg-filtration-pascal-wieland-1024x823.webp 1024w, https:\/\/bg-filtration.de\/wp-content\/uploads\/2025\/11\/bg-filtration-pascal-wieland-768x617.webp 768w, https:\/\/bg-filtration.de\/wp-content\/uploads\/2025\/11\/bg-filtration-pascal-wieland.webp 1043w\" sizes=\"(max-width: 300px) 100vw, 300px\" \/>\t\t\t\t\t\t\t\t\t\t\t\t\t\t\t<\/div>\n\t\t\t\t<div class=\"elementor-element elementor-element-d759d56 elementor-widget elementor-widget-text-editor\" data-id=\"d759d56\" data-element_type=\"widget\" data-e-type=\"widget\" data-widget_type=\"text-editor.default\">\n\t\t\t\t\t\t\t\t\t<p class=\"p1\"><strong>Pascal Wieland<br \/><\/strong><span style=\"font-family: -apple-system, BlinkMacSystemFont, 'Segoe UI', Roboto, 'Helvetica Neue', Arial, 'Noto Sans', sans-serif, 'Apple Color Emoji', 'Segoe UI Emoji', 'Segoe UI Symbol', 'Noto Color Emoji';\">Key Account Manager und <\/span>Productmanagement<\/p><p class=\"p1\">Tel +49 7159 8069-25<br \/>Mobile +49 162 3017787<\/p><p class=\"p1\">pascal.wieland@bg-filtration.de<\/p>\t\t\t\t\t\t\t\t<\/div>\n\t\t\t\t<\/div>\n\t\t\t\t<\/div>\n\t\t\t\t<\/div>\n\t\t","protected":false},"excerpt":{"rendered":"<p>Filterauslegung f\u00fcr Ihre Anwendung Sie haben eine Anwendung und wissen nicht, welche Filterart, welche Filtergr\u00f6\u00dfe, oder ob Sie einen Explosionsschutz ben\u00f6tigen?Sie haben besondere Anspr\u00fcche und ben\u00f6tigen ein ma\u00dfgeschneidertes Produkt?Kein Problem! Dank unserer langj\u00e4hrigen Erfahrung mit vielen Anwendungen verschiedenster Produkte, helfen wir Ihnen bei: der Auslegung der Filterfl\u00e4che der Auswahl des passenden des Filtertyps der Auswahl [&hellip;]<\/p>\n","protected":false},"author":1,"featured_media":0,"parent":0,"menu_order":0,"comment_status":"closed","ping_status":"closed","template":"elementor_header_footer","meta":{"footnotes":""},"class_list":["post-584","page","type-page","status-publish","hentry"],"yoast_head":"<!-- This site is optimized with the Yoast SEO Premium plugin v27.1 (Yoast SEO v27.1.1) - https:\/\/yoast.com\/product\/yoast-seo-premium-wordpress\/ -->\n<title>Filterauslegung f\u00fcr Ihre Anwendung - bg-filtration<\/title>\n<meta name=\"robots\" content=\"index, follow, max-snippet:-1, max-image-preview:large, max-video-preview:-1\" \/>\n<link rel=\"canonical\" href=\"https:\/\/bg-filtration.de\/en\/filter-design-for-your-application\/\" \/>\n<meta property=\"og:locale\" content=\"en_GB\" \/>\n<meta property=\"og:type\" content=\"article\" \/>\n<meta property=\"og:title\" content=\"Filterauslegung f\u00fcr Ihre Anwendung\" \/>\n<meta property=\"og:description\" content=\"Filterauslegung f\u00fcr Ihre Anwendung Sie haben eine Anwendung und wissen nicht, welche Filterart, welche Filtergr\u00f6\u00dfe, oder ob Sie einen Explosionsschutz ben\u00f6tigen?Sie haben besondere Anspr\u00fcche und ben\u00f6tigen ein ma\u00dfgeschneidertes Produkt?Kein Problem! Dank unserer langj\u00e4hrigen Erfahrung mit vielen Anwendungen verschiedenster Produkte, helfen wir Ihnen bei: der Auslegung der Filterfl\u00e4che der Auswahl des passenden des Filtertyps der Auswahl [&hellip;]\" \/>\n<meta property=\"og:url\" content=\"https:\/\/bg-filtration.de\/en\/filter-design-for-your-application\/\" \/>\n<meta property=\"og:site_name\" content=\"bg-filtration\" \/>\n<meta property=\"article:modified_time\" content=\"2026-04-28T08:45:26+00:00\" \/>\n<meta property=\"og:image\" content=\"https:\/\/bg-filtration.de\/wp-content\/uploads\/2025\/11\/bg-filtration-feine-partikel.jpg\" \/>\n\t<meta property=\"og:image:width\" content=\"1232\" \/>\n\t<meta property=\"og:image:height\" content=\"928\" \/>\n\t<meta property=\"og:image:type\" content=\"image\/jpeg\" \/>\n<meta name=\"twitter:card\" content=\"summary_large_image\" \/>\n<meta name=\"twitter:label1\" content=\"Estimated reading time\" \/>\n\t<meta name=\"twitter:data1\" content=\"1 minute\" \/>\n<script type=\"application\/ld+json\" class=\"yoast-schema-graph\">{\"@context\":\"https:\/\/schema.org\",\"@graph\":[{\"@type\":\"WebPage\",\"@id\":\"https:\/\/bg-filtration.de\/filterauslegung-fuer-ihre-anwendung\/\",\"url\":\"https:\/\/bg-filtration.de\/filterauslegung-fuer-ihre-anwendung\/\",\"name\":\"Filterauslegung f\u00fcr Ihre Anwendung - bg-filtration\",\"isPartOf\":{\"@id\":\"https:\/\/bg-filtration.de\/#website\"},\"primaryImageOfPage\":{\"@id\":\"https:\/\/bg-filtration.de\/filterauslegung-fuer-ihre-anwendung\/#primaryimage\"},\"image\":{\"@id\":\"https:\/\/bg-filtration.de\/filterauslegung-fuer-ihre-anwendung\/#primaryimage\"},\"thumbnailUrl\":\"https:\/\/bg-filtration.de\/wp-content\/uploads\/2025\/11\/bg-filtration-feine-partikel-1024x771.jpg\",\"datePublished\":\"2025-11-24T22:07:33+00:00\",\"dateModified\":\"2026-04-28T08:45:26+00:00\",\"breadcrumb\":{\"@id\":\"https:\/\/bg-filtration.de\/filterauslegung-fuer-ihre-anwendung\/#breadcrumb\"},\"inLanguage\":\"en-GB\",\"potentialAction\":[{\"@type\":\"ReadAction\",\"target\":[\"https:\/\/bg-filtration.de\/filterauslegung-fuer-ihre-anwendung\/\"]}]},{\"@type\":\"ImageObject\",\"inLanguage\":\"en-GB\",\"@id\":\"https:\/\/bg-filtration.de\/filterauslegung-fuer-ihre-anwendung\/#primaryimage\",\"url\":\"https:\/\/bg-filtration.de\/wp-content\/uploads\/2025\/11\/bg-filtration-feine-partikel-1024x771.jpg\",\"contentUrl\":\"https:\/\/bg-filtration.de\/wp-content\/uploads\/2025\/11\/bg-filtration-feine-partikel-1024x771.jpg\"},{\"@type\":\"BreadcrumbList\",\"@id\":\"https:\/\/bg-filtration.de\/filterauslegung-fuer-ihre-anwendung\/#breadcrumb\",\"itemListElement\":[{\"@type\":\"ListItem\",\"position\":1,\"name\":\"Start\",\"item\":\"https:\/\/bg-filtration.de\/\"},{\"@type\":\"ListItem\",\"position\":2,\"name\":\"Filterauslegung f\u00fcr Ihre Anwendung\"}]},{\"@type\":\"WebSite\",\"@id\":\"https:\/\/bg-filtration.de\/#website\",\"url\":\"https:\/\/bg-filtration.de\/\",\"name\":\"bg-filtration\",\"description\":\"Industrielle Filtersysteme\",\"publisher\":{\"@id\":\"https:\/\/bg-filtration.de\/#organization\"},\"potentialAction\":[{\"@type\":\"SearchAction\",\"target\":{\"@type\":\"EntryPoint\",\"urlTemplate\":\"https:\/\/bg-filtration.de\/?s={search_term_string}\"},\"query-input\":{\"@type\":\"PropertyValueSpecification\",\"valueRequired\":true,\"valueName\":\"search_term_string\"}}],\"inLanguage\":\"en-GB\"},{\"@type\":\"Organization\",\"@id\":\"https:\/\/bg-filtration.de\/#organization\",\"name\":\"bg filtration gmbh\",\"url\":\"https:\/\/bg-filtration.de\/\",\"logo\":{\"@type\":\"ImageObject\",\"inLanguage\":\"en-GB\",\"@id\":\"https:\/\/bg-filtration.de\/#\/schema\/logo\/image\/\",\"url\":\"https:\/\/bg-filtration.de\/wp-content\/uploads\/2025\/11\/bg-filtration-logo.svg\",\"contentUrl\":\"https:\/\/bg-filtration.de\/wp-content\/uploads\/2025\/11\/bg-filtration-logo.svg\",\"width\":713,\"height\":155,\"caption\":\"bg filtration gmbh\"},\"image\":{\"@id\":\"https:\/\/bg-filtration.de\/#\/schema\/logo\/image\/\"},\"sameAs\":[\"https:\/\/www.linkedin.com\/company\/bg-filtration-gmbh\"],\"description\":\"Als Hersteller industrieller Filtersysteme realisieren wir f\u00fcr zahlreiche Branchen L\u00f6sungen zur sicheren Abscheidung von Staub, Sch\u00fcttg\u00fctern, Aerosolen und explosionsf\u00e4higen Stoffen. Individuell ausgelegt auf Ihre Anwendung - f\u00fcr saubere Prozesse und maximale Sicherheit.\",\"email\":\"info@bg-filtration.de\",\"telephone\":\"+49 7159 8069-0\",\"legalName\":\"bg filtration gmbh\",\"foundingDate\":\"1971-01-01\"}]}<\/script>\n<!-- \/ Yoast SEO Premium plugin. -->","yoast_head_json":{"title":"Filter design for your application - bg-filtration","robots":{"index":"index","follow":"follow","max-snippet":"max-snippet:-1","max-image-preview":"max-image-preview:large","max-video-preview":"max-video-preview:-1"},"canonical":"https:\/\/bg-filtration.de\/en\/filter-design-for-your-application\/","og_locale":"en_GB","og_type":"article","og_title":"Filterauslegung f\u00fcr Ihre Anwendung","og_description":"Filterauslegung f\u00fcr Ihre Anwendung Sie haben eine Anwendung und wissen nicht, welche Filterart, welche Filtergr\u00f6\u00dfe, oder ob Sie einen Explosionsschutz ben\u00f6tigen?Sie haben besondere Anspr\u00fcche und ben\u00f6tigen ein ma\u00dfgeschneidertes Produkt?Kein Problem! Dank unserer langj\u00e4hrigen Erfahrung mit vielen Anwendungen verschiedenster Produkte, helfen wir Ihnen bei: der Auslegung der Filterfl\u00e4che der Auswahl des passenden des Filtertyps der Auswahl [&hellip;]","og_url":"https:\/\/bg-filtration.de\/en\/filter-design-for-your-application\/","og_site_name":"bg-filtration","article_modified_time":"2026-04-28T08:45:26+00:00","og_image":[{"width":1232,"height":928,"url":"https:\/\/bg-filtration.de\/wp-content\/uploads\/2025\/11\/bg-filtration-feine-partikel.jpg","type":"image\/jpeg"}],"twitter_card":"summary_large_image","twitter_misc":{"Estimated reading time":"1 minute"},"schema":{"@context":"https:\/\/schema.org","@graph":[{"@type":"WebPage","@id":"https:\/\/bg-filtration.de\/filterauslegung-fuer-ihre-anwendung\/","url":"https:\/\/bg-filtration.de\/filterauslegung-fuer-ihre-anwendung\/","name":"Filter design for your application - bg-filtration","isPartOf":{"@id":"https:\/\/bg-filtration.de\/#website"},"primaryImageOfPage":{"@id":"https:\/\/bg-filtration.de\/filterauslegung-fuer-ihre-anwendung\/#primaryimage"},"image":{"@id":"https:\/\/bg-filtration.de\/filterauslegung-fuer-ihre-anwendung\/#primaryimage"},"thumbnailUrl":"https:\/\/bg-filtration.de\/wp-content\/uploads\/2025\/11\/bg-filtration-feine-partikel-1024x771.jpg","datePublished":"2025-11-24T22:07:33+00:00","dateModified":"2026-04-28T08:45:26+00:00","breadcrumb":{"@id":"https:\/\/bg-filtration.de\/filterauslegung-fuer-ihre-anwendung\/#breadcrumb"},"inLanguage":"en-GB","potentialAction":[{"@type":"ReadAction","target":["https:\/\/bg-filtration.de\/filterauslegung-fuer-ihre-anwendung\/"]}]},{"@type":"ImageObject","inLanguage":"en-GB","@id":"https:\/\/bg-filtration.de\/filterauslegung-fuer-ihre-anwendung\/#primaryimage","url":"https:\/\/bg-filtration.de\/wp-content\/uploads\/2025\/11\/bg-filtration-feine-partikel-1024x771.jpg","contentUrl":"https:\/\/bg-filtration.de\/wp-content\/uploads\/2025\/11\/bg-filtration-feine-partikel-1024x771.jpg"},{"@type":"BreadcrumbList","@id":"https:\/\/bg-filtration.de\/filterauslegung-fuer-ihre-anwendung\/#breadcrumb","itemListElement":[{"@type":"ListItem","position":1,"name":"Start","item":"https:\/\/bg-filtration.de\/"},{"@type":"ListItem","position":2,"name":"Filterauslegung f\u00fcr Ihre Anwendung"}]},{"@type":"WebSite","@id":"https:\/\/bg-filtration.de\/#website","url":"https:\/\/bg-filtration.de\/","name":"bg-filtration","description":"Industrial filter systems","publisher":{"@id":"https:\/\/bg-filtration.de\/#organization"},"potentialAction":[{"@type":"SearchAction","target":{"@type":"EntryPoint","urlTemplate":"https:\/\/bg-filtration.de\/?s={search_term_string}"},"query-input":{"@type":"PropertyValueSpecification","valueRequired":true,"valueName":"search_term_string"}}],"inLanguage":"en-GB"},{"@type":"Organization","@id":"https:\/\/bg-filtration.de\/#organization","name":"bg filtration gmbh","url":"https:\/\/bg-filtration.de\/","logo":{"@type":"ImageObject","inLanguage":"en-GB","@id":"https:\/\/bg-filtration.de\/#\/schema\/logo\/image\/","url":"https:\/\/bg-filtration.de\/wp-content\/uploads\/2025\/11\/bg-filtration-logo.svg","contentUrl":"https:\/\/bg-filtration.de\/wp-content\/uploads\/2025\/11\/bg-filtration-logo.svg","width":713,"height":155,"caption":"bg filtration gmbh"},"image":{"@id":"https:\/\/bg-filtration.de\/#\/schema\/logo\/image\/"},"sameAs":["https:\/\/www.linkedin.com\/company\/bg-filtration-gmbh"],"description":"As a manufacturer of industrial filter systems, we realise solutions for the safe separation of dust, bulk materials, aerosols and explosive substances for numerous industries. Customised to your application - for clean processes and maximum safety.","email":"info@bg-filtration.de","telephone":"+49 7159 8069-0","legalName":"bg filtration gmbh","foundingDate":"1971-01-01"}]}},"_links":{"self":[{"href":"https:\/\/bg-filtration.de\/en\/wp-json\/wp\/v2\/pages\/584","targetHints":{"allow":["GET"]}}],"collection":[{"href":"https:\/\/bg-filtration.de\/en\/wp-json\/wp\/v2\/pages"}],"about":[{"href":"https:\/\/bg-filtration.de\/en\/wp-json\/wp\/v2\/types\/page"}],"author":[{"embeddable":true,"href":"https:\/\/bg-filtration.de\/en\/wp-json\/wp\/v2\/users\/1"}],"replies":[{"embeddable":true,"href":"https:\/\/bg-filtration.de\/en\/wp-json\/wp\/v2\/comments?post=584"}],"version-history":[{"count":4,"href":"https:\/\/bg-filtration.de\/en\/wp-json\/wp\/v2\/pages\/584\/revisions"}],"predecessor-version":[{"id":7784,"href":"https:\/\/bg-filtration.de\/en\/wp-json\/wp\/v2\/pages\/584\/revisions\/7784"}],"wp:attachment":[{"href":"https:\/\/bg-filtration.de\/en\/wp-json\/wp\/v2\/media?parent=584"}],"curies":[{"name":"what","href":"https:\/\/api.w.org\/{rel}","templated":true}]}}