{"id":4798,"date":"2026-03-05T19:28:08","date_gmt":"2026-03-05T19:28:08","guid":{"rendered":"http:\/\/bgfiltration.kroegerwerbung.de\/?page_id=4798"},"modified":"2026-03-13T15:40:24","modified_gmt":"2026-03-13T15:40:24","slug":"ileti","status":"publish","type":"page","link":"https:\/\/bg-filtration.de\/tr\/impressum\/","title":{"rendered":"K\u00fcnye"},"content":{"rendered":"<div data-elementor-type=\"wp-page\" data-elementor-id=\"4798\" class=\"elementor elementor-4798\" data-elementor-post-type=\"page\">\n\t\t\t\t<div class=\"elementor-element elementor-element-a463f4b e-con-full e-flex e-con e-parent\" data-id=\"a463f4b\" data-element_type=\"container\" data-e-type=\"container\">\n\t\t\t\t<div class=\"elementor-element elementor-element-5f73b9a elementor-widget elementor-widget-text-editor\" data-id=\"5f73b9a\" data-element_type=\"widget\" data-e-type=\"widget\" data-widget_type=\"text-editor.default\">\n\t\t\t\t\t\t\t\t\t<div class=\"wpb_text_column has-custom-color wpex-child-inherit-color wpb_content_element\"><div class=\"wpb_wrapper\"><h1>K\u00fcnye<\/h1><p>bg filtration gmbh<\/p><p>Voithstr. 5<\/p><p>71272 Renningen<\/p><p>Almanya<\/p><p>Telefon +49 7159 8069-0<\/p><p>Faks +49 7159 7933<\/p><p>E-posta:\u00a0<a title=\"info@bg-filtration.de\" href=\"mailto:info@bg-filtration.de\">info@bg-filtration.de<\/a><\/p><p>\u0130nternet\u00a0<a title=\"https:\/\/www.bg-filtration.de\" href=\"https:\/\/bg-filtration.de\/tr\/\" target=\"_blank\" rel=\"noopener noreferrer\">https:\/\/www.bg-filtration.de<\/a><\/p><p>bg filtration gmbh, Dr. Volker Bauer Taraf\u0131ndan Temsil Edilmektedir: Y\u00f6netici M\u00fcd\u00fcr<\/p><p><strong>Ticaret Sicili<\/strong>\u00a0Stuttgart B\u00f6lge Mahkemesi<\/p><p>Ticaret sicili<\/p><p>Sicil numaras\u0131: HRB 744965<\/p><p><strong>Katma De\u011fer Vergisi Kimlik Numaras\u0131<\/strong>\u00a0Katma De\u011fer Vergisi Yasas\u0131 (UStG) \u00a7 27a uyar\u0131nca: DE815448525<\/p><p><strong>\u0130\u00e7erikten Sorumlu<\/strong>\u00a0\u00a7 55 Rundfunkstaatsvertrag (RStV) uyar\u0131nca: Dr. Volker Bauer, Voithstr. 5, 71272 Renningen, Almanya<\/p><p><strong>Foto\u011fraf Kayna\u011f\u0131<\/strong><\/p><p>\u00a9 bg filtrations gmbh<\/p><\/div><\/div><div class=\"vcex-spacing wpex-w-100 wpex-clear\">\u00a0<\/div><div class=\"wpb_text_column wpb_content_element\"><div class=\"wpb_wrapper\"><div id=\"cc-m-12011299299\" class=\"j-module n j-header\"><p id=\"cc-m-header-12011299299\"><strong>Sorumluluk Reddi<\/strong><\/p><\/div><div id=\"cc-m-12011299399\" class=\"j-module n j-text\"><div class=\"janolaw-paragraph\">\u00a0<\/div><p>\u0130\u00e7erik i\u00e7in sorumluluk<\/p><p>Hizmet sa\u011flay\u0131c\u0131 olarak, \u00a7 7 Abs. 1 TMG uyar\u0131nca bu sayfalardaki kendi i\u00e7eriklerimizden genel yasalara g\u00f6re sorumluyuz. Ancak, \u00a7\u00a7 8 ila 10 TMG uyar\u0131nca, hizmet sa\u011flay\u0131c\u0131 olarak aktar\u0131lan veya saklanan \u00fc\u00e7\u00fcnc\u00fc taraf bilgilerini izlemek veya yasa d\u0131\u015f\u0131 bir faaliyete i\u015faret eden durumlar\u0131 ara\u015ft\u0131rmakla y\u00fck\u00fcml\u00fc de\u011filiz. Bilgilerin kald\u0131r\u0131lmas\u0131 veya kullan\u0131m\u0131n\u0131n engellenmesi y\u00fck\u00fcml\u00fcl\u00fckleri, genel yasalara g\u00f6re bu durumdan etkilenmez. Ancak, bu konuda bir sorumluluk yaln\u0131zca belirli bir yasa ihlalinin \u00f6\u011frenilmesinden itibaren m\u00fcmk\u00fcnd\u00fcr. Bu t\u00fcr yasa ihlallerinin \u00f6\u011frenilmesi halinde, ilgili i\u00e7erikleri derhal kald\u0131raca\u011f\u0131z.<\/p><p>Ba\u011flant\u0131lar i\u00e7in sorumluluk<\/p><p>Teklifimiz, i\u00e7eriklerini etkileyemedi\u011fimiz \u00fc\u00e7\u00fcnc\u00fc taraflar\u0131n harici web sitelerine ba\u011flant\u0131lar i\u00e7ermektedir. Bu nedenle, bu yabanc\u0131 i\u00e7erikler i\u00e7in herhangi bir garanti veremeyiz. Ba\u011flant\u0131l\u0131 sayfalar\u0131n i\u00e7eriklerinden her zaman ilgili sa\u011flay\u0131c\u0131 veya sayfa operat\u00f6r\u00fc sorumludur. Ba\u011flant\u0131l\u0131 sayfalar, ba\u011flant\u0131 s\u0131ras\u0131nda olas\u0131 yasa ihlalleri a\u00e7\u0131s\u0131ndan kontrol edilmi\u015ftir. Ba\u011flant\u0131 s\u0131ras\u0131nda yasa d\u0131\u015f\u0131 i\u00e7erikler tespit edilmemi\u015ftir. Ancak, somut bir yasa ihlali belirtisi olmadan ba\u011flant\u0131l\u0131 sayfalar\u0131n kal\u0131c\u0131 i\u00e7erik kontrol\u00fc makul de\u011fildir. Yasa ihlalleri fark edildi\u011finde bu t\u00fcr ba\u011flant\u0131lar derhal kald\u0131r\u0131lacakt\u0131r.<\/p><p>Telif Hakk\u0131<\/p><p>Bu sayfalar\u0131n i\u015fletmecileri taraf\u0131ndan olu\u015fturulan i\u00e7erikler ve eserler Alman telif hakk\u0131na tabidir. Telif hakk\u0131 s\u0131n\u0131rlar\u0131 d\u0131\u015f\u0131ndaki \u00e7o\u011faltma, i\u015fleme, yayma ve her t\u00fcrl\u00fc kullan\u0131m i\u00e7in ilgili yazar\u0131n veya yarat\u0131c\u0131n\u0131n yaz\u0131l\u0131 onay\u0131 gereklidir. Bu sayfadan yap\u0131lacak indirmeler ve kopyalar yaln\u0131zca \u00f6zel, ticari olmayan kullan\u0131mlar i\u00e7in izin verilir. Bu sayfadaki i\u00e7erikler i\u015fletmeci taraf\u0131ndan olu\u015fturulmam\u0131\u015fsa, \u00fc\u00e7\u00fcnc\u00fc taraflar\u0131n telif haklar\u0131na uyulur. \u00d6zellikle \u00fc\u00e7\u00fcnc\u00fc taraf i\u00e7erikleri bu \u015fekilde i\u015faretlenir. Yine de bir telif hakk\u0131 ihlaline dikkat ederseniz, l\u00fctfen bize bildirin. Hukuk ihlallerinden haberdar olundu\u011funda, bu t\u00fcr i\u00e7erikler derhal kald\u0131r\u0131lacakt\u0131r.<\/p><div class=\"janolaw-paragraph\"><p>Kaynak\u00a0<a title=\"https:\/\/www.e-recht24.de\/muster-datenschutzerklaerung.html\" href=\"https:\/\/www.e-recht24.de\/muster-datenschutzerklaerung.html\" target=\"_blank\" rel=\"noopener noreferrer\">https:\/\/www.e-recht24.de\/muster-datenschutzerklaerung.html<\/a><\/p><p>\u00a9 bg filtration gmbh, 71272 Renningen. T\u00fcm haklar\u0131 sakl\u0131d\u0131r.<\/p><\/div><\/div><\/div><\/div>\t\t\t\t\t\t\t\t<\/div>\n\t\t\t\t<\/div>\n\t\t\t\t<\/div>","protected":false},"excerpt":{"rendered":"<p>Impressum bg filtration gmbh Voithstr. 5 71272 Renningen Deutschland Telefon +49 7159 8069-0 Fax +49 7159 7933 E-Mail:\u00a0info@bg-filtration.de Internet:\u00a0https:\/\/www.bg-filtration.de bg filtration gmbh wird vertreten durch: Gesch\u00e4ftsf\u00fchrer Dr. Volker Bauer Registergericht:\u00a0Amtsgericht Stuttgart Handelsregister Registernummer: HRB 744965 Umsatzsteuer-Identifikationsnummer\u00a0gem\u00e4\u00df \u00a7 27a Umsatzsteuergesetz (UStG): DE815448525 Inhaltlich Verantwortlicher\u00a0gem\u00e4\u00df \u00a7 55 Rundfunkstaatsvertrag (RStV): Dr. Volker Bauer, Voithstr. 5,\u00a0 71272 Renningen, Deutschland [&hellip;]<\/p>\n","protected":false},"author":1,"featured_media":0,"parent":0,"menu_order":0,"comment_status":"closed","ping_status":"closed","template":"","meta":{"footnotes":""},"class_list":["post-4798","page","type-page","status-publish","hentry"],"yoast_head":"<!-- This site is optimized with the Yoast SEO Premium plugin v27.1 (Yoast SEO v27.1.1) - https:\/\/yoast.com\/product\/yoast-seo-premium-wordpress\/ -->\n<title>Impressum - bg-filtration<\/title>\n<meta name=\"robots\" content=\"index, follow, max-snippet:-1, max-image-preview:large, max-video-preview:-1\" \/>\n<link rel=\"canonical\" href=\"https:\/\/bg-filtration.de\/tr\/ileti\/\" \/>\n<meta property=\"og:locale\" content=\"tr_TR\" \/>\n<meta property=\"og:type\" content=\"article\" \/>\n<meta property=\"og:title\" content=\"Impressum\" \/>\n<meta property=\"og:description\" content=\"Impressum bg filtration gmbh Voithstr. 5 71272 Renningen Deutschland Telefon +49 7159 8069-0 Fax +49 7159 7933 E-Mail:\u00a0info@bg-filtration.de Internet:\u00a0https:\/\/www.bg-filtration.de bg filtration gmbh wird vertreten durch: Gesch\u00e4ftsf\u00fchrer Dr. Volker Bauer Registergericht:\u00a0Amtsgericht Stuttgart Handelsregister Registernummer: HRB 744965 Umsatzsteuer-Identifikationsnummer\u00a0gem\u00e4\u00df \u00a7 27a Umsatzsteuergesetz (UStG): DE815448525 Inhaltlich Verantwortlicher\u00a0gem\u00e4\u00df \u00a7 55 Rundfunkstaatsvertrag (RStV): Dr. Volker Bauer, Voithstr. 5,\u00a0 71272 Renningen, Deutschland [&hellip;]\" \/>\n<meta property=\"og:url\" content=\"https:\/\/bg-filtration.de\/tr\/ileti\/\" \/>\n<meta property=\"og:site_name\" content=\"bg-filtration\" \/>\n<meta property=\"article:modified_time\" content=\"2026-03-13T15:40:24+00:00\" \/>\n<meta name=\"twitter:card\" content=\"summary_large_image\" \/>\n<meta name=\"twitter:label1\" content=\"Est. reading time\" \/>\n\t<meta name=\"twitter:data1\" content=\"2 dakika\" \/>\n<script type=\"application\/ld+json\" class=\"yoast-schema-graph\">{\"@context\":\"https:\/\/schema.org\",\"@graph\":[{\"@type\":\"WebPage\",\"@id\":\"https:\/\/bg-filtration.de\/impressum\/\",\"url\":\"https:\/\/bg-filtration.de\/impressum\/\",\"name\":\"Impressum - bg-filtration\",\"isPartOf\":{\"@id\":\"https:\/\/bg-filtration.de\/#website\"},\"datePublished\":\"2026-03-05T19:28:08+00:00\",\"dateModified\":\"2026-03-13T15:40:24+00:00\",\"breadcrumb\":{\"@id\":\"https:\/\/bg-filtration.de\/impressum\/#breadcrumb\"},\"inLanguage\":\"tr\",\"potentialAction\":[{\"@type\":\"ReadAction\",\"target\":[\"https:\/\/bg-filtration.de\/impressum\/\"]}]},{\"@type\":\"BreadcrumbList\",\"@id\":\"https:\/\/bg-filtration.de\/impressum\/#breadcrumb\",\"itemListElement\":[{\"@type\":\"ListItem\",\"position\":1,\"name\":\"Start\",\"item\":\"https:\/\/bg-filtration.de\/\"},{\"@type\":\"ListItem\",\"position\":2,\"name\":\"Impressum\"}]},{\"@type\":\"WebSite\",\"@id\":\"https:\/\/bg-filtration.de\/#website\",\"url\":\"https:\/\/bg-filtration.de\/\",\"name\":\"bg-filtration\",\"description\":\"Industrielle Filtersysteme\",\"publisher\":{\"@id\":\"https:\/\/bg-filtration.de\/#organization\"},\"potentialAction\":[{\"@type\":\"SearchAction\",\"target\":{\"@type\":\"EntryPoint\",\"urlTemplate\":\"https:\/\/bg-filtration.de\/?s={search_term_string}\"},\"query-input\":{\"@type\":\"PropertyValueSpecification\",\"valueRequired\":true,\"valueName\":\"search_term_string\"}}],\"inLanguage\":\"tr\"},{\"@type\":\"Organization\",\"@id\":\"https:\/\/bg-filtration.de\/#organization\",\"name\":\"bg filtration gmbh\",\"url\":\"https:\/\/bg-filtration.de\/\",\"logo\":{\"@type\":\"ImageObject\",\"inLanguage\":\"tr\",\"@id\":\"https:\/\/bg-filtration.de\/#\/schema\/logo\/image\/\",\"url\":\"https:\/\/bg-filtration.de\/wp-content\/uploads\/2025\/11\/bg-filtration-logo.svg\",\"contentUrl\":\"https:\/\/bg-filtration.de\/wp-content\/uploads\/2025\/11\/bg-filtration-logo.svg\",\"width\":713,\"height\":155,\"caption\":\"bg filtration gmbh\"},\"image\":{\"@id\":\"https:\/\/bg-filtration.de\/#\/schema\/logo\/image\/\"},\"sameAs\":[\"https:\/\/www.linkedin.com\/company\/bg-filtration-gmbh\"],\"description\":\"Als Hersteller industrieller Filtersysteme realisieren wir f\u00fcr zahlreiche Branchen L\u00f6sungen zur sicheren Abscheidung von Staub, Sch\u00fcttg\u00fctern, Aerosolen und explosionsf\u00e4higen Stoffen. Individuell ausgelegt auf Ihre Anwendung - f\u00fcr saubere Prozesse und maximale Sicherheit.\",\"email\":\"info@bg-filtration.de\",\"telephone\":\"+49 7159 8069-0\",\"legalName\":\"bg filtration gmbh\",\"foundingDate\":\"1971-01-01\"}]}<\/script>\n<!-- \/ Yoast SEO Premium plugin. -->","yoast_head_json":{"title":"Impressum - bg-filtration","robots":{"index":"index","follow":"follow","max-snippet":"max-snippet:-1","max-image-preview":"max-image-preview:large","max-video-preview":"max-video-preview:-1"},"canonical":"https:\/\/bg-filtration.de\/tr\/ileti\/","og_locale":"tr_TR","og_type":"article","og_title":"Impressum","og_description":"Impressum bg filtration gmbh Voithstr. 5 71272 Renningen Deutschland Telefon +49 7159 8069-0 Fax +49 7159 7933 E-Mail:\u00a0info@bg-filtration.de Internet:\u00a0https:\/\/www.bg-filtration.de bg filtration gmbh wird vertreten durch: Gesch\u00e4ftsf\u00fchrer Dr. Volker Bauer Registergericht:\u00a0Amtsgericht Stuttgart Handelsregister Registernummer: HRB 744965 Umsatzsteuer-Identifikationsnummer\u00a0gem\u00e4\u00df \u00a7 27a Umsatzsteuergesetz (UStG): DE815448525 Inhaltlich Verantwortlicher\u00a0gem\u00e4\u00df \u00a7 55 Rundfunkstaatsvertrag (RStV): Dr. Volker Bauer, Voithstr. 5,\u00a0 71272 Renningen, Deutschland [&hellip;]","og_url":"https:\/\/bg-filtration.de\/tr\/ileti\/","og_site_name":"bg-filtration","article_modified_time":"2026-03-13T15:40:24+00:00","twitter_card":"summary_large_image","twitter_misc":{"Est. reading time":"2 dakika"},"schema":{"@context":"https:\/\/schema.org","@graph":[{"@type":"WebPage","@id":"https:\/\/bg-filtration.de\/impressum\/","url":"https:\/\/bg-filtration.de\/impressum\/","name":"Impressum - bg-filtration","isPartOf":{"@id":"https:\/\/bg-filtration.de\/#website"},"datePublished":"2026-03-05T19:28:08+00:00","dateModified":"2026-03-13T15:40:24+00:00","breadcrumb":{"@id":"https:\/\/bg-filtration.de\/impressum\/#breadcrumb"},"inLanguage":"tr","potentialAction":[{"@type":"ReadAction","target":["https:\/\/bg-filtration.de\/impressum\/"]}]},{"@type":"BreadcrumbList","@id":"https:\/\/bg-filtration.de\/impressum\/#breadcrumb","itemListElement":[{"@type":"ListItem","position":1,"name":"Start","item":"https:\/\/bg-filtration.de\/"},{"@type":"ListItem","position":2,"name":"Impressum"}]},{"@type":"WebSite","@id":"https:\/\/bg-filtration.de\/#website","url":"https:\/\/bg-filtration.de\/","name":"bg-filtreleme","description":"End\u00fcstriyel Filtre Sistemleri","publisher":{"@id":"https:\/\/bg-filtration.de\/#organization"},"potentialAction":[{"@type":"SearchAction","target":{"@type":"EntryPoint","urlTemplate":"https:\/\/bg-filtration.de\/?s={search_term_string}"},"query-input":{"@type":"PropertyValueSpecification","valueRequired":true,"valueName":"search_term_string"}}],"inLanguage":"tr"},{"@type":"Organization","@id":"https:\/\/bg-filtration.de\/#organization","name":"bg filtration gmbh","url":"https:\/\/bg-filtration.de\/","logo":{"@type":"ImageObject","inLanguage":"tr","@id":"https:\/\/bg-filtration.de\/#\/schema\/logo\/image\/","url":"https:\/\/bg-filtration.de\/wp-content\/uploads\/2025\/11\/bg-filtration-logo.svg","contentUrl":"https:\/\/bg-filtration.de\/wp-content\/uploads\/2025\/11\/bg-filtration-logo.svg","width":713,"height":155,"caption":"bg filtration gmbh"},"image":{"@id":"https:\/\/bg-filtration.de\/#\/schema\/logo\/image\/"},"sameAs":["https:\/\/www.linkedin.com\/company\/bg-filtration-gmbh"],"description":"End\u00fcstriyel filtre sistemleri \u00fcreticisi olarak, toz, d\u00f6kme malzemeler, aerosoller ve patlay\u0131c\u0131 maddelerin g\u00fcvenli bir \u015fekilde ayr\u0131lmas\u0131 i\u00e7in say\u0131s\u0131z sekt\u00f6rde \u00e7\u00f6z\u00fcmler sunmaktay\u0131z. Uygulaman\u0131za \u00f6zel olarak tasarlanm\u0131\u015f - temiz prosesler ve maksimum g\u00fcvenlik i\u00e7in.","email":"info@bg-filtration.de","telephone":"+49 7159 8069-0","legalName":"bg filtration gmbh","foundingDate":"1971-01-01"}]}},"_links":{"self":[{"href":"https:\/\/bg-filtration.de\/tr\/wp-json\/wp\/v2\/pages\/4798","targetHints":{"allow":["GET"]}}],"collection":[{"href":"https:\/\/bg-filtration.de\/tr\/wp-json\/wp\/v2\/pages"}],"about":[{"href":"https:\/\/bg-filtration.de\/tr\/wp-json\/wp\/v2\/types\/page"}],"author":[{"embeddable":true,"href":"https:\/\/bg-filtration.de\/tr\/wp-json\/wp\/v2\/users\/1"}],"replies":[{"embeddable":true,"href":"https:\/\/bg-filtration.de\/tr\/wp-json\/wp\/v2\/comments?post=4798"}],"version-history":[{"count":1,"href":"https:\/\/bg-filtration.de\/tr\/wp-json\/wp\/v2\/pages\/4798\/revisions"}],"predecessor-version":[{"id":7006,"href":"https:\/\/bg-filtration.de\/tr\/wp-json\/wp\/v2\/pages\/4798\/revisions\/7006"}],"wp:attachment":[{"href":"https:\/\/bg-filtration.de\/tr\/wp-json\/wp\/v2\/media?parent=4798"}],"curies":[{"name":"wp","href":"https:\/\/api.w.org\/{rel}","templated":true}]}}