{"id":4804,"date":"2026-03-05T19:29:33","date_gmt":"2026-03-05T19:29:33","guid":{"rendered":"http:\/\/bgfiltration.kroegerwerbung.de\/?page_id=4804"},"modified":"2026-03-23T14:42:41","modified_gmt":"2026-03-23T14:42:41","slug":"gizlilik","status":"publish","type":"page","link":"https:\/\/bg-filtration.de\/tr\/datenschutz\/","title":{"rendered":"Veri koruma"},"content":{"rendered":"<div data-elementor-type=\"wp-page\" data-elementor-id=\"4804\" class=\"elementor elementor-4804\" data-elementor-post-type=\"page\">\n\t\t\t\t<div class=\"elementor-element elementor-element-073024f e-flex e-con-boxed e-con e-parent\" data-id=\"073024f\" data-element_type=\"container\" data-e-type=\"container\">\n\t\t\t\t\t<div class=\"e-con-inner\">\n\t\t\t\t<div class=\"elementor-element elementor-element-d93eebb elementor-widget elementor-widget-text-editor\" data-id=\"d93eebb\" data-element_type=\"widget\" data-e-type=\"widget\" data-widget_type=\"text-editor.default\">\n\t\t\t\t\t\t\t\t\t<h1 class=\"vcex-module vcex-heading wpex-text-2xl wpex-font-normal wpex-m-auto wpex-max-w-100 vcex-heading-plain wpex-block\"><span class=\"vcex-heading-inner wpex-inline-block wpex-clr\">Gizlilik Politikas\u0131<\/span><\/h1><div class=\"wpb_text_column has-custom-color wpex-child-inherit-color wpb_content_element\"><div class=\"wpb_wrapper\"><p><strong>1. Gizlili\u011fe Genel Bak\u0131\u015f<\/strong><\/p><p>Genel Talimatlar<\/p><p>Web sitemizi ziyaret etti\u011finizde ki\u015fisel verilerinizle neler oldu\u011funa dair basit bir genel bak\u0131\u015f sunulmaktad\u0131r. Ki\u015fisel veriler, kimli\u011finizi do\u011frudan veya dolayl\u0131 olarak belirleyebilen t\u00fcm verilerdir. Veri koruma hakk\u0131nda ayr\u0131nt\u0131l\u0131 bilgi i\u00e7in bu metnin alt\u0131ndaki gizlilik politikam\u0131za bak\u0131n\u0131z.<\/p><p>Websitemizde Veri Toplama<\/p><p>Bu web sitesindeki veri toplama i\u015fleminden kim sorumlu?<\/p><p>Bu web sitesindeki veri i\u015fleme i\u015flemi web sitesi sahibi taraf\u0131ndan ger\u00e7ekle\u015ftirilmektedir. \u0130leti\u015fim bilgileri bu web sitesinin k\u00fcnye b\u00f6l\u00fcm\u00fcnden edinilebilir.<\/p><p>Verilerinizi nas\u0131l topluyoruz?<\/p><p>Verileriniz birincisi sizin taraf\u0131n\u0131zdan bize iletilerek toplan\u0131r. Bunlar \u00f6rne\u011fin bir ileti\u015fim formuna girdi\u011finiz veriler olabilir.<\/p><p>Web sitesini ziyaret etti\u011finizde IT sistemlerimiz taraf\u0131ndan ba\u015fka veriler de otomatik olarak toplan\u0131r. Bunlar \u00f6ncelikle teknik verilerdir (\u00f6rne\u011fin, internet taray\u0131c\u0131s\u0131, i\u015fletim sistemi veya sayfa g\u00f6r\u00fcnt\u00fcleme saati). Bu verilerin toplanmas\u0131, web sitemize girdi\u011finiz anda otomatik olarak ger\u00e7ekle\u015fir.<\/p><p>Verilerinizi ne i\u00e7in kullan\u0131yoruz?<\/p><p>Verilerin bir k\u0131sm\u0131, web sitesinin hatas\u0131z bir \u015fekilde sunulmas\u0131n\u0131 sa\u011flamak i\u00e7in toplan\u0131r. Di\u011fer veriler, kullan\u0131c\u0131 davran\u0131\u015f\u0131n\u0131z\u0131 analiz etmek i\u00e7in kullan\u0131labilir.<\/p><p>Verilerinizle ilgili hangi haklara sahipsiniz?<\/p><p>Sahip oldu\u011funuz ki\u015fisel verilerin kayna\u011f\u0131, al\u0131c\u0131lar\u0131 ve amac\u0131 hakk\u0131nda istedi\u011finiz zaman \u00fccretsiz bilgi alma hakk\u0131n\u0131z vard\u0131r. Ayr\u0131ca bu verilerin d\u00fczeltilmesini, engellenmesini veya silinmesini talep etme hakk\u0131n\u0131z da bulunmaktad\u0131r. Bu konuda ve veri koruma ile ilgili di\u011fer sorular\u0131n\u0131z i\u00e7in k\u00fcnye b\u00f6l\u00fcm\u00fcnde belirtilen adresten diledi\u011finiz zaman bize ula\u015fabilirsiniz. Ayr\u0131ca, yetkili denetim makam\u0131na \u015fikayette bulunma hakk\u0131n\u0131z da vard\u0131r.<\/p><p><strong>2. Genel Bilgiler ve Yasal Bildirimler<\/strong><\/p><p>Veri koruma<\/p><p>Bu sitelerin i\u015fletmecileri ki\u015fisel verilerinizin korunmas\u0131na b\u00fcy\u00fck \u00f6nem vermektedir. Ki\u015fisel verilerinizi gizli tutar ve yasal veri koruma d\u00fczenlemelerine ve bu gizlilik politikas\u0131na uygun olarak i\u015fleriz.<\/p><p>Bu web sitesini kulland\u0131\u011f\u0131n\u0131zda, \u00e7e\u015fitli ki\u015fisel veriler toplan\u0131r. Ki\u015fisel veriler, sizi ki\u015fisel olarak tan\u0131mlamak i\u00e7in kullan\u0131labilecek verilerdir. Bu gizlilik politikas\u0131 hangi verileri toplad\u0131\u011f\u0131m\u0131z\u0131 ve bunlar\u0131 ne i\u00e7in kulland\u0131\u011f\u0131m\u0131z\u0131 a\u00e7\u0131klamaktad\u0131r. Ayr\u0131ca bunun nas\u0131l ve ne ama\u00e7la yap\u0131ld\u0131\u011f\u0131n\u0131 da a\u00e7\u0131klar.<\/p><p>\u0130nternet \u00fczerinden veri aktar\u0131m\u0131n\u0131n (\u00f6rne\u011fin e-posta ileti\u015fimi) g\u00fcvenlik a\u00e7\u0131klar\u0131 i\u00e7erebilece\u011fini belirtmek isteriz. Verilerin \u00fc\u00e7\u00fcnc\u00fc taraflar\u0131n eri\u015fimine kar\u015f\u0131 tam olarak korunmas\u0131 m\u00fcmk\u00fcn de\u011fildir.<\/p><p>Sorumlu Makama Bildirim<\/p><p>Bu web sitesindeki veri i\u015flemesinden sorumlu kurulu\u015f \u015fudur:<\/p><p class=\"p1\">Voithstr. 5<\/p><p class=\"p1\">71272 Renningen, Almanya<\/p><p class=\"p1\">Tel +49 7159 8069-0<\/p><p class=\"p1\">Faks +49 7159 7933<\/p><p>E-posta:\u00a0<a href=\"mailto:info@bg-filtration.de\" target=\"\" rel=\"noopener noreferrer\">info(at)bg-filtration.de<\/a><\/p><p>Kontrol\u00f6r, ki\u015fisel verilerin (\u00f6rne\u011fin isimler, e-posta adresleri, vb.) i\u015flenme ama\u00e7lar\u0131n\u0131 ve ara\u00e7lar\u0131n\u0131 tek ba\u015f\u0131na veya ba\u015fkalar\u0131yla birlikte belirleyen ger\u00e7ek veya t\u00fczel ki\u015fidir.<\/p><p>Veri i\u015fleme izninizin iptali<\/p><p>Bir\u00e7ok veri i\u015fleme i\u015flemi yaln\u0131zca sizin a\u00e7\u0131k r\u0131zan\u0131zla m\u00fcmk\u00fcnd\u00fcr. Vermi\u015f oldu\u011funuz herhangi bir onay\u0131 istedi\u011finiz zaman iptal edebilirsiniz. Tek yapman\u0131z gereken bize resmi olmayan bir e-posta g\u00f6ndermektir. \u0130ptal edilene kadar ger\u00e7ekle\u015ftirilen veri i\u015flemenin yasall\u0131\u011f\u0131 iptalden etkilenmez.<\/p><p>Yetkili denetim makam\u0131na \u015fikayette bulunma hakk\u0131<\/p><p>Veri koruma haklar\u0131n\u0131n ihlali durumunda, ilgili ki\u015finin yetkili denetim makam\u0131na \u015fikayette bulunma hakk\u0131 vard\u0131r. Veri koruma konular\u0131nda yetkili denetim makam\u0131, \u015firketimizin merkezinin bulundu\u011fu federal eyaletin eyalet veri koruma g\u00f6revlisidir:<\/p><p>Veri Koruma ve Bilgi \u00d6zg\u00fcrl\u00fc\u011f\u00fc B\u00f6lge Temsilcisi<\/p><p>K\u00f6nigstrasse 10a, 70173 Stuttgart, telefon: 07 11\/61 55 41-0, faks: 07 11\/61 55 41-15<\/p><p>Veri ta\u015f\u0131nabilirli\u011fi hakk\u0131<\/p><p>Onay\u0131n\u0131za dayanarak veya bir s\u00f6zle\u015fmenin yerine getirilmesi i\u00e7in otomatik olarak i\u015fledi\u011fimiz verilerin size veya \u00fc\u00e7\u00fcnc\u00fc bir tarafa yayg\u0131n olarak kullan\u0131lan, makine taraf\u0131ndan okunabilir bir formatta teslim edilmesini sa\u011flama hakk\u0131na sahipsiniz. Verilerin ba\u015fka bir denetleyiciye do\u011frudan aktar\u0131lmas\u0131n\u0131 talep ederseniz, bu yaln\u0131zca teknik olarak m\u00fcmk\u00fcn oldu\u011fu \u00f6l\u00e7\u00fcde yap\u0131lacakt\u0131r.<\/p><p>Bilgi, engelleme, silme<\/p><p>Y\u00fcr\u00fcrl\u00fckteki yasal h\u00fck\u00fcmler \u00e7er\u00e7evesinde, saklanan ki\u015fisel verileriniz, bunlar\u0131n kayna\u011f\u0131 ve al\u0131c\u0131s\u0131 ve veri i\u015flemenin amac\u0131 hakk\u0131nda istedi\u011finiz zaman \u00fccretsiz bilgi alma ve gerekirse bu verileri d\u00fczeltme, engelleme veya silme hakk\u0131na sahipsiniz. Ki\u015fisel veriler konusunda ba\u015fka sorular\u0131n\u0131z varsa, yasal bildirimde verilen adresten istedi\u011finiz zaman bizimle ileti\u015fime ge\u00e7ebilirsiniz.<\/p><p><strong>3. Web sitemizdeki verilerin toplanmas\u0131<\/strong><\/p><p>Kurabiye<\/p><p>\u0130nternet sayfalar\u0131n\u0131n baz\u0131lar\u0131nda \u00e7erezler kullan\u0131lmaktad\u0131r. \u00c7erezler bilgisayar\u0131n\u0131za zarar vermez ve vir\u00fcs i\u00e7ermez. \u00c7erezler, web sitemizi daha kullan\u0131c\u0131 dostu, etkili ve g\u00fcvenli hale getirmek i\u00e7in kullan\u0131l\u0131r. \u00c7erezler, bilgisayar\u0131n\u0131zda depolanan ve taray\u0131c\u0131n\u0131z taraf\u0131ndan kaydedilen k\u00fc\u00e7\u00fck metin dosyalar\u0131d\u0131r.<\/p><p>Kulland\u0131\u011f\u0131m\u0131z \u00e7erezlerin \u00e7o\u011fu \u201coturum \u00e7erezleri\u201d olarak adland\u0131r\u0131l\u0131r. Ziyaretinizin sonunda otomatik olarak silinirler. Di\u011fer \u00e7erezler, siz onlar\u0131 silene kadar son cihaz\u0131n\u0131zda sakl\u0131 kal\u0131r. Bu \u00e7erezler, bir sonraki ziyaretinizde taray\u0131c\u0131n\u0131z\u0131 tan\u0131mam\u0131z\u0131 sa\u011flar.<\/p><p>Taray\u0131c\u0131n\u0131z\u0131, \u00e7erezlerin ayarlanmas\u0131 hakk\u0131nda bilgilendirilecek ve yaln\u0131zca bireysel durumlarda \u00e7erezlere izin verecek, belirli durumlar i\u00e7in veya genel olarak \u00e7erezlerin kabul edilmesini hari\u00e7 tutacak ve taray\u0131c\u0131y\u0131 kapat\u0131rken \u00e7erezlerin otomatik olarak silinmesini etkinle\u015ftirecek \u015fekilde ayarlayabilirsiniz. \u00c7erezler devre d\u0131\u015f\u0131 b\u0131rak\u0131l\u0131rsa, bu web sitesinin i\u015flevselli\u011fi k\u0131s\u0131tlanabilir.<\/p><p>Elektronik ileti\u015fim s\u00fcrecini y\u00fcr\u00fctmek veya talep etti\u011finiz belirli i\u015flevleri (\u00f6rne\u011fin al\u0131\u015fveri\u015f sepeti i\u015flevi) sa\u011flamak i\u00e7in gerekli olan \u00e7erezler, GDPR Madde 6 paragraf 1 lit. f temelinde saklan\u0131r. Web sitesi operat\u00f6r\u00fc, hizmetlerinin teknik olarak hatas\u0131z ve optimize edilmi\u015f bir \u015fekilde sunulmas\u0131 i\u00e7in \u00e7erezlerin saklanmas\u0131nda me\u015fru bir menfaate sahiptir. Di\u011fer \u00e7erezler (\u00f6rn. gezinme davran\u0131\u015f\u0131n\u0131z\u0131 analiz etmek i\u00e7in \u00e7erezler) sakland\u0131\u011f\u0131 s\u00fcrece, bunlar bu gizlilik politikas\u0131nda ayr\u0131 olarak ele al\u0131nmaktad\u0131r.<\/p><p>Sunucu G\u00fcnl\u00fck Dosyalar\u0131<\/p><p>Sayfalar\u0131n sa\u011flay\u0131c\u0131s\u0131, taray\u0131c\u0131n\u0131z\u0131n otomatik olarak bize iletti\u011fi sunucu g\u00fcnl\u00fck dosyalar\u0131nda bilgileri otomatik olarak toplar ve saklar. Bunlar \u015funlard\u0131r:<\/p><p>Taray\u0131c\u0131 t\u00fcr\u00fc ve taray\u0131c\u0131 s\u00fcr\u00fcm\u00fc<\/p><p>kullan\u0131lan i\u015fletim sistemi<\/p><p>Y\u00f6nlendiren URL<\/p><p>\u2022Eri\u015fen bilgisayar\u0131n ana makine ad\u0131<\/p><p>Sunucu iste\u011fi saati<\/p><p>\u2022IP Adresi<\/p><p>Google Analytics<\/p><p>Bu web sitesi, web analiz hizmeti Google Analytics'in i\u015flevlerini kullanmaktad\u0131r. Sa\u011flay\u0131c\u0131 Google Inc, 1600 Amphitheatre Parkway, Mountain View, CA 94043, ABD'dir.<\/p><p>Google Analytics \u201c\u00e7erezler\u201d olarak adland\u0131r\u0131lan dosyalar\u0131 kullan\u0131r. Bunlar, bilgisayar\u0131n\u0131zda saklanan ve sizin taraf\u0131n\u0131zdan site kullan\u0131m\u0131n\u0131n analiz edilmesini sa\u011flayan metin dosyalar\u0131d\u0131r. \u00c7erez taraf\u0131ndan sizin bu siteyi kullan\u0131m\u0131n\u0131z hakk\u0131nda olu\u015fturulan bilgiler genellikle ABD'deki bir Google sunucusuna aktar\u0131l\u0131r ve orada saklan\u0131r.<\/p><p>Google Analytics \u00e7erezlerinin depolanmas\u0131, GDPR'nin 6. Maddesi 1. Paragraf\u0131 f bendi uyar\u0131nca yap\u0131l\u0131r.<\/p><p>Google Haritalar<\/p><p>Bu site bir API arac\u0131l\u0131\u011f\u0131yla Google Maps harita hizmetini kullanmaktad\u0131r. Sa\u011flay\u0131c\u0131 Google Inc, 1600 Amphitheatre Parkway, Mountain View, CA 94043, ABD'dir.<\/p><p>Google Haritalar'\u0131n i\u015flevlerini kullanmak i\u00e7in IP adresinizi kaydetmeniz gerekir. Bu bilgiler genellikle ABD'deki bir Google sunucusuna aktar\u0131l\u0131r ve orada saklan\u0131r. Bu sitenin sa\u011flay\u0131c\u0131s\u0131n\u0131n bu veri aktar\u0131m\u0131 \u00fczerinde hi\u00e7bir etkisi yoktur.<\/p><p>Google Haritalar'\u0131n kullan\u0131m\u0131, \u00e7evrimi\u00e7i tekliflerimizin \u00e7ekici bir \u015fekilde sunulmas\u0131 ve web sitesinde belirtti\u011fimiz yerlerin bulunmas\u0131n\u0131 kolayla\u015ft\u0131rmak i\u00e7indir. Bu, GDPR'nin 6. maddesinin 1. f\u0131kras\u0131n\u0131n f bendi anlam\u0131nda me\u015fru bir menfaat te\u015fkil etmektedir.<\/p><p>Kullan\u0131c\u0131 verilerinin i\u015flenmesi hakk\u0131nda daha fazla bilgiyi Google'\u0131n gizlilik politikas\u0131nda bulabilirsiniz: https:\/\/www.google.de\/intl\/de\/policies\/privacy\/<\/p><p>IP Anonimle\u015ftirmesi<\/p><p>Bu web sitesinde IP anonimle\u015ftirme \u00f6zelli\u011fini etkinle\u015ftirdik. Bu, IP adresinizin Google taraf\u0131ndan Avrupa Birli\u011fi \u00fcye devletlerinde veya Avrupa Ekonomik Alan\u0131 Anla\u015fmas\u0131'n\u0131n di\u011fer akit devletlerinde Amerika Birle\u015fik Devletleri'ne aktar\u0131lmadan \u00f6nce k\u0131salt\u0131laca\u011f\u0131 anlam\u0131na gelir. Yaln\u0131zca istisnai durumlarda, tam IP adresi ABD'deki bir Google sunucusuna aktar\u0131l\u0131r ve orada k\u0131salt\u0131l\u0131r. Bu web sitesinin operat\u00f6r\u00fc ad\u0131na, Google bu bilgileri web sitesi kullan\u0131m\u0131n\u0131z\u0131 de\u011ferlendirmek, web sitesi etkinlikleri hakk\u0131nda raporlar derlemek ve web sitesi kullan\u0131m\u0131 ve internet kullan\u0131m\u0131 ile ilgili di\u011fer hizmetleri web sitesi operat\u00f6r\u00fcne sunmak i\u00e7in kullanacakt\u0131r. Taray\u0131c\u0131n\u0131z taraf\u0131ndan Google Analytics kapsam\u0131nda aktar\u0131lan IP adresi, Google'\u0131n di\u011fer verileriyle birle\u015ftirilmeyecektir.<\/p><p>Taray\u0131c\u0131 eklentisi<\/p><p>Taray\u0131c\u0131 yaz\u0131l\u0131m\u0131n\u0131zda yapaca\u011f\u0131n\u0131z uygun bir ayarla \u00e7erezlerin saklanmas\u0131n\u0131 engelleyebilirsiniz; ancak bu durumda, bu web sitesinin t\u00fcm i\u015flevlerinden tam olarak yararlanamayabilece\u011finizi belirtiriz. Ayr\u0131ca, \u00e7erez taraf\u0131ndan olu\u015fturulan ve web sitenizin kullan\u0131m\u0131na ili\u015fkin verilerin (IP adresiniz dahil) Google'a toplanmas\u0131n\u0131 ve bu verilerin Google taraf\u0131ndan i\u015flenmesini, a\u015fa\u011f\u0131daki ba\u011flant\u0131da bulunan taray\u0131c\u0131 eklentisini indirip kurarak engelleyebilirsiniz: https:\/\/tools.google.com\/dlpage\/gaoptout?hl=de.<\/p><p>Veri toplamaya itiraz<\/p><p>Google Analytics'in verilerinizi toplamas\u0131na, a\u015fa\u011f\u0131daki ba\u011flant\u0131ya t\u0131klayarak engelleyebilirsiniz. Bu, gelecekteki web sitesi ziyaretlerinizde verilerinizin toplanmas\u0131n\u0131 engelleyen bir devre d\u0131\u015f\u0131 b\u0131rakma \u00e7erezi ayarlar:<\/p><p><strong><a>Bu web sitesi i\u00e7in Google Analytics verilerini toplamay\u0131 devre d\u0131\u015f\u0131 b\u0131rak<\/a><\/strong><\/p><p>Kullan\u0131c\u0131 verilerinin Google Analytics ile nas\u0131l kullan\u0131laca\u011f\u0131na dair daha fazla bilgiyi Google'\u0131n gizlilik politikas\u0131nda bulabilirsiniz: https:\/\/support.google.com\/analytics\/answer\/6004245?hl=de.<\/p><p>S\u00f6zle\u015fmesel Veri \u0130\u015fleme<\/p><p>Google ile bir veri i\u015fleme s\u00f6zle\u015fmesi yapt\u0131k ve Google Analytics kullan\u0131m\u0131nda Alman veri koruma yetkililerinin kat\u0131 gerekliliklerini tam olarak uyguluyoruz.<\/p><p>Bu verilerin ba\u015fka veri kaynaklar\u0131yla birle\u015ftirilmesi yap\u0131lmayacakt\u0131r.<\/p><p>Veri i\u015flemenin temeli, GDPR'nin 6. maddesinin 1. f\u0131kras\u0131n\u0131n b bendidir; bu madde, bir s\u00f6zle\u015fmenin ifas\u0131 veya s\u00f6zle\u015fme \u00f6ncesi i\u015flemler i\u00e7in verilerin i\u015flenmesine izin vermektedir.<\/p><h3>\u00a0<\/h3><h3>SalesViewer\u00ae teknolojisinin kullan\u0131m\u0131<\/h3><p>Bu web sitesinde, SalesViewer\u00ae GmbH'nin SalesViewer\u00ae teknolojisi kullan\u0131larak, web sitesi operat\u00f6r\u00fcn\u00fcn me\u015fru menfaatleri do\u011frultusunda (Madde 6 Paragraf 1 lit.f DSGVO) pazarlama, pazar ara\u015ft\u0131rmas\u0131 ve optimizasyon amac\u0131yla veriler toplan\u0131p saklanmaktad\u0131r.<\/p><p>Bu ama\u00e7la, \u015firketle ilgili bilgileri toplamak ve kullanmak i\u00e7in JavaScript tabanl\u0131 bir kod kullan\u0131l\u0131r. Bu teknoloji ile toplanan bilgiler, geri d\u00f6nd\u00fcr\u00fclemeyen tek y\u00f6nl\u00fc bir fonksiyon (s\u00f6zde hash'leme) arac\u0131l\u0131\u011f\u0131yla \u015fifrelenir. Veriler derhal takma adla tutulur ve bu web sitesinin ziyaret\u00e7ilerini ki\u015fisel olarak tan\u0131mlamak i\u00e7in kullan\u0131lmaz.<\/p><p>Salesviewer\u00ae kapsam\u0131nda saklanan veriler, ama\u00e7lar\u0131 do\u011frultusunda art\u0131k gerekli olmad\u0131\u011f\u0131nda ve yasal saklama y\u00fck\u00fcml\u00fcl\u00fckleri taraf\u0131ndan engellenmedi\u011finde silinir.<\/p><p>Veri toplama ve saklamas\u0131na, ge\u00e7erli olmak \u00fczere, istedi\u011finiz zaman bu ba\u011flant\u0131dan itiraz edebilirsiniz\u00a0<a href=\"https:\/\/www.salesviewer.com\/opt-out\">https:\/\/www.salesviewer.com\/opt-out<\/a>\u00a0Gelecekte bu web sitesinde SalesViewer\u00ae taraf\u0131ndan izlenmeyi engellemek i\u00e7in t\u0131klay\u0131n. Bu i\u015flem, bu web sitesi i\u00e7in cihaz\u0131n\u0131za bir vazge\u00e7me \u00e7erezi yerle\u015ftirecektir. Bu taray\u0131c\u0131daki \u00e7erezlerinizi silerseniz, bu ba\u011flant\u0131ya tekrar t\u0131klaman\u0131z gerekir.<\/p><\/div><\/div>\t\t\t\t\t\t\t\t<\/div>\n\t\t\t\t\t<\/div>\n\t\t\t\t<\/div>\n\t\t\t\t<\/div>","protected":false},"excerpt":{"rendered":"<p>Datenschutzerkl\u00e4rung 1. Datenschutz auf einen Blick Allgemeine Hinweise Die folgenden Hinweise geben einen einfachen \u00dcberblick dar\u00fcber, was mit Ihren personenbezogenen Daten passiert, wenn Sie unsere Website besuchen. Personenbezogene Daten sind alle Daten, mit denen Sie pers\u00f6nlich identifiziert werden k\u00f6nnen. Ausf\u00fchrliche Informationen zum Thema Datenschutz entnehmen Sie unserer unter diesem Text aufgef\u00fchrten Datenschutzerkl\u00e4rung. Datenerfassung auf unserer [&hellip;]<\/p>\n","protected":false},"author":1,"featured_media":0,"parent":0,"menu_order":0,"comment_status":"closed","ping_status":"closed","template":"","meta":{"footnotes":""},"class_list":["post-4804","page","type-page","status-publish","hentry"],"yoast_head":"<!-- This site is optimized with the Yoast SEO Premium plugin v27.1 (Yoast SEO v27.1.1) - https:\/\/yoast.com\/product\/yoast-seo-premium-wordpress\/ -->\n<title>Datenschutz - bg-filtration<\/title>\n<meta name=\"robots\" content=\"index, follow, max-snippet:-1, max-image-preview:large, max-video-preview:-1\" \/>\n<link rel=\"canonical\" href=\"https:\/\/bg-filtration.de\/tr\/gizlilik\/\" \/>\n<meta property=\"og:locale\" content=\"tr_TR\" \/>\n<meta property=\"og:type\" content=\"article\" \/>\n<meta property=\"og:title\" content=\"Datenschutz\" \/>\n<meta property=\"og:description\" content=\"Datenschutzerkl\u00e4rung 1. Datenschutz auf einen Blick Allgemeine Hinweise Die folgenden Hinweise geben einen einfachen \u00dcberblick dar\u00fcber, was mit Ihren personenbezogenen Daten passiert, wenn Sie unsere Website besuchen. Personenbezogene Daten sind alle Daten, mit denen Sie pers\u00f6nlich identifiziert werden k\u00f6nnen. Ausf\u00fchrliche Informationen zum Thema Datenschutz entnehmen Sie unserer unter diesem Text aufgef\u00fchrten Datenschutzerkl\u00e4rung. Datenerfassung auf unserer [&hellip;]\" \/>\n<meta property=\"og:url\" content=\"https:\/\/bg-filtration.de\/tr\/gizlilik\/\" \/>\n<meta property=\"og:site_name\" content=\"bg-filtration\" \/>\n<meta property=\"article:modified_time\" content=\"2026-03-23T14:42:41+00:00\" \/>\n<meta name=\"twitter:card\" content=\"summary_large_image\" \/>\n<meta name=\"twitter:label1\" content=\"Est. reading time\" \/>\n\t<meta name=\"twitter:data1\" content=\"9 dakika\" \/>\n<script type=\"application\/ld+json\" class=\"yoast-schema-graph\">{\"@context\":\"https:\/\/schema.org\",\"@graph\":[{\"@type\":\"WebPage\",\"@id\":\"https:\/\/bg-filtration.de\/datenschutz\/\",\"url\":\"https:\/\/bg-filtration.de\/datenschutz\/\",\"name\":\"Datenschutz - bg-filtration\",\"isPartOf\":{\"@id\":\"https:\/\/bg-filtration.de\/#website\"},\"datePublished\":\"2026-03-05T19:29:33+00:00\",\"dateModified\":\"2026-03-23T14:42:41+00:00\",\"breadcrumb\":{\"@id\":\"https:\/\/bg-filtration.de\/datenschutz\/#breadcrumb\"},\"inLanguage\":\"tr\",\"potentialAction\":[{\"@type\":\"ReadAction\",\"target\":[\"https:\/\/bg-filtration.de\/datenschutz\/\"]}]},{\"@type\":\"BreadcrumbList\",\"@id\":\"https:\/\/bg-filtration.de\/datenschutz\/#breadcrumb\",\"itemListElement\":[{\"@type\":\"ListItem\",\"position\":1,\"name\":\"Start\",\"item\":\"https:\/\/bg-filtration.de\/\"},{\"@type\":\"ListItem\",\"position\":2,\"name\":\"Datenschutz\"}]},{\"@type\":\"WebSite\",\"@id\":\"https:\/\/bg-filtration.de\/#website\",\"url\":\"https:\/\/bg-filtration.de\/\",\"name\":\"bg-filtration\",\"description\":\"Industrielle Filtersysteme\",\"publisher\":{\"@id\":\"https:\/\/bg-filtration.de\/#organization\"},\"potentialAction\":[{\"@type\":\"SearchAction\",\"target\":{\"@type\":\"EntryPoint\",\"urlTemplate\":\"https:\/\/bg-filtration.de\/?s={search_term_string}\"},\"query-input\":{\"@type\":\"PropertyValueSpecification\",\"valueRequired\":true,\"valueName\":\"search_term_string\"}}],\"inLanguage\":\"tr\"},{\"@type\":\"Organization\",\"@id\":\"https:\/\/bg-filtration.de\/#organization\",\"name\":\"bg filtration gmbh\",\"url\":\"https:\/\/bg-filtration.de\/\",\"logo\":{\"@type\":\"ImageObject\",\"inLanguage\":\"tr\",\"@id\":\"https:\/\/bg-filtration.de\/#\/schema\/logo\/image\/\",\"url\":\"https:\/\/bg-filtration.de\/wp-content\/uploads\/2025\/11\/bg-filtration-logo.svg\",\"contentUrl\":\"https:\/\/bg-filtration.de\/wp-content\/uploads\/2025\/11\/bg-filtration-logo.svg\",\"width\":713,\"height\":155,\"caption\":\"bg filtration gmbh\"},\"image\":{\"@id\":\"https:\/\/bg-filtration.de\/#\/schema\/logo\/image\/\"},\"sameAs\":[\"https:\/\/www.linkedin.com\/company\/bg-filtration-gmbh\"],\"description\":\"Als Hersteller industrieller Filtersysteme realisieren wir f\u00fcr zahlreiche Branchen L\u00f6sungen zur sicheren Abscheidung von Staub, Sch\u00fcttg\u00fctern, Aerosolen und explosionsf\u00e4higen Stoffen. Individuell ausgelegt auf Ihre Anwendung - f\u00fcr saubere Prozesse und maximale Sicherheit.\",\"email\":\"info@bg-filtration.de\",\"telephone\":\"+49 7159 8069-0\",\"legalName\":\"bg filtration gmbh\",\"foundingDate\":\"1971-01-01\"}]}<\/script>\n<!-- \/ Yoast SEO Premium plugin. -->","yoast_head_json":{"title":"Veri Gizlili\u011fi - bg-filtreleme","robots":{"index":"index","follow":"follow","max-snippet":"max-snippet:-1","max-image-preview":"max-image-preview:large","max-video-preview":"max-video-preview:-1"},"canonical":"https:\/\/bg-filtration.de\/tr\/gizlilik\/","og_locale":"tr_TR","og_type":"article","og_title":"Datenschutz","og_description":"Datenschutzerkl\u00e4rung 1. Datenschutz auf einen Blick Allgemeine Hinweise Die folgenden Hinweise geben einen einfachen \u00dcberblick dar\u00fcber, was mit Ihren personenbezogenen Daten passiert, wenn Sie unsere Website besuchen. Personenbezogene Daten sind alle Daten, mit denen Sie pers\u00f6nlich identifiziert werden k\u00f6nnen. Ausf\u00fchrliche Informationen zum Thema Datenschutz entnehmen Sie unserer unter diesem Text aufgef\u00fchrten Datenschutzerkl\u00e4rung. Datenerfassung auf unserer [&hellip;]","og_url":"https:\/\/bg-filtration.de\/tr\/gizlilik\/","og_site_name":"bg-filtration","article_modified_time":"2026-03-23T14:42:41+00:00","twitter_card":"summary_large_image","twitter_misc":{"Est. reading time":"9 dakika"},"schema":{"@context":"https:\/\/schema.org","@graph":[{"@type":"WebPage","@id":"https:\/\/bg-filtration.de\/datenschutz\/","url":"https:\/\/bg-filtration.de\/datenschutz\/","name":"Veri Gizlili\u011fi - bg-filtreleme","isPartOf":{"@id":"https:\/\/bg-filtration.de\/#website"},"datePublished":"2026-03-05T19:29:33+00:00","dateModified":"2026-03-23T14:42:41+00:00","breadcrumb":{"@id":"https:\/\/bg-filtration.de\/datenschutz\/#breadcrumb"},"inLanguage":"tr","potentialAction":[{"@type":"ReadAction","target":["https:\/\/bg-filtration.de\/datenschutz\/"]}]},{"@type":"BreadcrumbList","@id":"https:\/\/bg-filtration.de\/datenschutz\/#breadcrumb","itemListElement":[{"@type":"ListItem","position":1,"name":"Start","item":"https:\/\/bg-filtration.de\/"},{"@type":"ListItem","position":2,"name":"Datenschutz"}]},{"@type":"WebSite","@id":"https:\/\/bg-filtration.de\/#website","url":"https:\/\/bg-filtration.de\/","name":"bg-filtreleme","description":"End\u00fcstriyel Filtre Sistemleri","publisher":{"@id":"https:\/\/bg-filtration.de\/#organization"},"potentialAction":[{"@type":"SearchAction","target":{"@type":"EntryPoint","urlTemplate":"https:\/\/bg-filtration.de\/?s={search_term_string}"},"query-input":{"@type":"PropertyValueSpecification","valueRequired":true,"valueName":"search_term_string"}}],"inLanguage":"tr"},{"@type":"Organization","@id":"https:\/\/bg-filtration.de\/#organization","name":"bg filtration gmbh","url":"https:\/\/bg-filtration.de\/","logo":{"@type":"ImageObject","inLanguage":"tr","@id":"https:\/\/bg-filtration.de\/#\/schema\/logo\/image\/","url":"https:\/\/bg-filtration.de\/wp-content\/uploads\/2025\/11\/bg-filtration-logo.svg","contentUrl":"https:\/\/bg-filtration.de\/wp-content\/uploads\/2025\/11\/bg-filtration-logo.svg","width":713,"height":155,"caption":"bg filtration gmbh"},"image":{"@id":"https:\/\/bg-filtration.de\/#\/schema\/logo\/image\/"},"sameAs":["https:\/\/www.linkedin.com\/company\/bg-filtration-gmbh"],"description":"End\u00fcstriyel filtre sistemleri \u00fcreticisi olarak, toz, d\u00f6kme malzemeler, aerosoller ve patlay\u0131c\u0131 maddelerin g\u00fcvenli bir \u015fekilde ayr\u0131lmas\u0131 i\u00e7in say\u0131s\u0131z sekt\u00f6rde \u00e7\u00f6z\u00fcmler sunmaktay\u0131z. Uygulaman\u0131za \u00f6zel olarak tasarlanm\u0131\u015f - temiz prosesler ve maksimum g\u00fcvenlik i\u00e7in.","email":"info@bg-filtration.de","telephone":"+49 7159 8069-0","legalName":"bg filtration gmbh","foundingDate":"1971-01-01"}]}},"_links":{"self":[{"href":"https:\/\/bg-filtration.de\/tr\/wp-json\/wp\/v2\/pages\/4804","targetHints":{"allow":["GET"]}}],"collection":[{"href":"https:\/\/bg-filtration.de\/tr\/wp-json\/wp\/v2\/pages"}],"about":[{"href":"https:\/\/bg-filtration.de\/tr\/wp-json\/wp\/v2\/types\/page"}],"author":[{"embeddable":true,"href":"https:\/\/bg-filtration.de\/tr\/wp-json\/wp\/v2\/users\/1"}],"replies":[{"embeddable":true,"href":"https:\/\/bg-filtration.de\/tr\/wp-json\/wp\/v2\/comments?post=4804"}],"version-history":[{"count":3,"href":"https:\/\/bg-filtration.de\/tr\/wp-json\/wp\/v2\/pages\/4804\/revisions"}],"predecessor-version":[{"id":7551,"href":"https:\/\/bg-filtration.de\/tr\/wp-json\/wp\/v2\/pages\/4804\/revisions\/7551"}],"wp:attachment":[{"href":"https:\/\/bg-filtration.de\/tr\/wp-json\/wp\/v2\/media?parent=4804"}],"curies":[{"name":"wp","href":"https:\/\/api.w.org\/{rel}","templated":true}]}}