{"id":614,"date":"2025-11-24T22:11:38","date_gmt":"2025-11-24T22:11:38","guid":{"rendered":"http:\/\/bgfiltration.kroegerwerbung.de\/?page_id=614"},"modified":"2026-03-09T09:23:27","modified_gmt":"2026-03-09T09:23:27","slug":"kalite-ve-suerdueruelebilirlik","status":"publish","type":"page","link":"https:\/\/bg-filtration.de\/tr\/qualitaet-und-nachhaltigkeit\/","title":{"rendered":"Kalite ve s\u00fcrd\u00fcr\u00fclebilirlik"},"content":{"rendered":"<div data-elementor-type=\"wp-page\" data-elementor-id=\"614\" class=\"elementor elementor-614\" data-elementor-post-type=\"page\">\n\t\t\t\t<div class=\"elementor-element elementor-element-691f368d e-con-full e-flex e-con e-parent\" data-id=\"691f368d\" data-element_type=\"container\" data-e-type=\"container\">\n\t\t<div class=\"elementor-element elementor-element-af344ed e-con-full e-flex e-con e-child\" data-id=\"af344ed\" data-element_type=\"container\" data-e-type=\"container\">\n\t\t\t\t<div class=\"elementor-element elementor-element-7e7d98c elementor-widget elementor-widget-heading\" data-id=\"7e7d98c\" data-element_type=\"widget\" data-e-type=\"widget\" data-widget_type=\"heading.default\">\n\t\t\t\t\t<h1 class=\"elementor-heading-title elementor-size-default\">\u00d6nde gelen \u00f6zellik olarak kalite<\/h1>\t\t\t\t<\/div>\n\t\t\t\t<div class=\"elementor-element elementor-element-6eb4b669 elementor-widget elementor-widget-heading\" data-id=\"6eb4b669\" data-element_type=\"widget\" data-e-type=\"widget\" data-widget_type=\"heading.default\">\n\t\t\t\t\t<h2 class=\"elementor-heading-title elementor-size-default\">bg filtration'da kalite her zaman en \u00fcst s\u0131rada yer alm\u0131\u015ft\u0131r. M\u00fchendislik ve \u00fcretim tek \u00e7at\u0131 alt\u0131nda, optimize edilmi\u015f s\u00fcre\u00e7ler ve nitelikli personel y\u00fcksek bir kalite standard\u0131 sa\u011flar.<\/h2>\t\t\t\t<\/div>\n\t\t\t\t<div class=\"elementor-element elementor-element-6fe1af3 elementor-widget elementor-widget-text-editor\" data-id=\"6fe1af3\" data-element_type=\"widget\" data-e-type=\"widget\" data-widget_type=\"text-editor.default\">\n\t\t\t\t\t\t\t\t\t<p>S\u00fcrekli kalite d\u00f6ng\u00fcm\u00fcz\u00fcn bir par\u00e7as\u0131 olarak, \u00fcretimde tespit edilen hatalar derhal yap\u0131c\u0131 bir \u015fekilde giderilir. Her \u00fcr\u00fcn teslimattan \u00f6nce kontrol edilir. Filtrelerimiz ortalama olarak\u00a0<b>30 y\u0131l\u0131 a\u015fk\u0131n<\/b>\u00a0G\u00f6revde.<\/p>\t\t\t\t\t\t\t\t<\/div>\n\t\t\t\t<\/div>\n\t\t<div class=\"elementor-element elementor-element-3bcbe6d0 e-con-full e-flex e-con e-child\" data-id=\"3bcbe6d0\" data-element_type=\"container\" data-e-type=\"container\">\n\t\t\t\t<div class=\"elementor-element elementor-element-576cb7e5 elementor-invisible elementor-widget elementor-widget-image\" data-id=\"576cb7e5\" data-element_type=\"widget\" data-e-type=\"widget\" data-settings=\"{&quot;_animation&quot;:&quot;fadeInRight&quot;}\" data-widget_type=\"image.default\">\n\t\t\t\t\t\t\t\t\t\t\t\t\t\t\t<img fetchpriority=\"high\" decoding=\"async\" width=\"800\" height=\"534\" src=\"https:\/\/bg-filtration.de\/wp-content\/uploads\/2026\/03\/bg-filtration-montage-1024x683.webp\" class=\"attachment-large size-large wp-image-5258\" alt=\"bg filtreleme Kalite\" srcset=\"https:\/\/bg-filtration.de\/wp-content\/uploads\/2026\/03\/bg-filtration-montage-1024x683.webp 1024w, https:\/\/bg-filtration.de\/wp-content\/uploads\/2026\/03\/bg-filtration-montage-300x200.webp 300w, https:\/\/bg-filtration.de\/wp-content\/uploads\/2026\/03\/bg-filtration-montage-768x512.webp 768w, https:\/\/bg-filtration.de\/wp-content\/uploads\/2026\/03\/bg-filtration-montage-1536x1024.webp 1536w, https:\/\/bg-filtration.de\/wp-content\/uploads\/2026\/03\/bg-filtration-montage.webp 1900w\" sizes=\"(max-width: 800px) 100vw, 800px\" \/>\t\t\t\t\t\t\t\t\t\t\t\t\t\t\t<\/div>\n\t\t\t\t<\/div>\n\t\t\t\t<\/div>\n\t\t<div class=\"elementor-element elementor-element-90cf02f e-con-full e-flex e-con e-parent\" data-id=\"90cf02f\" data-element_type=\"container\" data-e-type=\"container\" data-settings=\"{&quot;background_background&quot;:&quot;gradient&quot;}\">\n\t\t<div class=\"elementor-element elementor-element-af9f88a e-con-full e-flex e-con e-child\" data-id=\"af9f88a\" data-element_type=\"container\" data-e-type=\"container\">\n\t\t\t\t<div class=\"elementor-element elementor-element-ec49cd3 elementor-widget elementor-widget-image\" data-id=\"ec49cd3\" data-element_type=\"widget\" data-e-type=\"widget\" data-widget_type=\"image.default\">\n\t\t\t\t\t\t\t\t\t\t\t\t\t\t\t<img decoding=\"async\" width=\"720\" height=\"1024\" src=\"https:\/\/bg-filtration.de\/wp-content\/uploads\/2026\/03\/bg-filtration-filtration-ressourcen-2-720x1024.webp\" class=\"attachment-large size-large wp-image-5269\" alt=\"bg filtrasyonu s\u00fcrd\u00fcr\u00fclebilirlik\" srcset=\"https:\/\/bg-filtration.de\/wp-content\/uploads\/2026\/03\/bg-filtration-filtration-ressourcen-2-720x1024.webp 720w, https:\/\/bg-filtration.de\/wp-content\/uploads\/2026\/03\/bg-filtration-filtration-ressourcen-2-211x300.webp 211w, https:\/\/bg-filtration.de\/wp-content\/uploads\/2026\/03\/bg-filtration-filtration-ressourcen-2-768x1092.webp 768w, https:\/\/bg-filtration.de\/wp-content\/uploads\/2026\/03\/bg-filtration-filtration-ressourcen-2-1080x1536.webp 1080w, https:\/\/bg-filtration.de\/wp-content\/uploads\/2026\/03\/bg-filtration-filtration-ressourcen-2.webp 1208w\" sizes=\"(max-width: 720px) 100vw, 720px\" \/>\t\t\t\t\t\t\t\t\t\t\t\t\t\t\t<\/div>\n\t\t\t\t<\/div>\n\t\t<div class=\"elementor-element elementor-element-46cae28 e-con-full e-flex e-con e-child\" data-id=\"46cae28\" data-element_type=\"container\" data-e-type=\"container\">\n\t\t\t\t<div class=\"elementor-element elementor-element-b7e4f71 elementor-widget elementor-widget-text-editor\" data-id=\"b7e4f71\" data-element_type=\"widget\" data-e-type=\"widget\" data-widget_type=\"text-editor.default\">\n\t\t\t\t\t\t\t\t\t<h2><span style=\"color: #ffffff;\">Enerji ve bak\u0131m maliyetlerinde%'ya kadar tasarruf edin. Kaynaklar\u0131 Koruma<\/span><span style=\"color: #ffffff; font-size: 1.7rem; background-color: transparent;\"> optimum i\u015flevsellik sayesinde.<\/span><\/h2><div class=\"wpb_text_column has-custom-color wpex-child-inherit-color wpb_content_element\"><div class=\"wpb_wrapper\"><p><span style=\"color: #ffffff;\">Her filtre sistemi, uygulama i\u00e7in optimum d\u00fczeyde tasarlanm\u0131\u015ft\u0131r:<\/span><\/p><ul><li><span style=\"color: #ffffff;\">filtrelenecek \u00fcr\u00fcn\u00fcn<\/span><\/li><li><span style=\"color: #ffffff;\">\u00fcr\u00fcn miktar\u0131<\/span><\/li><li><span style=\"color: #ffffff;\">besleme bas\u0131nc\u0131<\/span><\/li><li><span style=\"color: #ffffff;\">bas\u0131n\u00e7 kayb\u0131<\/span><\/li><li><span style=\"color: #ffffff;\">\u00e7evre ko\u015fullar\u0131na<\/span><\/li><\/ul><p><span style=\"color: #ffffff;\"><br \/><\/span><span style=\"color: #ffffff;\">B\u00f6ylece hem \u00e7evreyi hem de c\u00fczdan\u0131n\u0131z\u0131 korumu\u015f oluruz.<\/span><\/p><\/div><\/div>\t\t\t\t\t\t\t\t<\/div>\n\t\t\t\t<\/div>\n\t\t\t\t<\/div>\n\t\t<div class=\"elementor-element elementor-element-a55dd1d e-con-full e-flex e-con e-parent\" data-id=\"a55dd1d\" data-element_type=\"container\" data-e-type=\"container\" data-settings=\"{&quot;background_background&quot;:&quot;classic&quot;}\">\n\t\t<div class=\"elementor-element elementor-element-f2fd5ed e-con-full e-flex e-con e-child\" data-id=\"f2fd5ed\" data-element_type=\"container\" data-e-type=\"container\">\n\t\t\t\t<div class=\"elementor-element elementor-element-f0f0018 elementor-widget elementor-widget-text-editor\" data-id=\"f0f0018\" data-element_type=\"widget\" data-e-type=\"widget\" data-widget_type=\"text-editor.default\">\n\t\t\t\t\t\t\t\t\t<h2 class=\"vcex-module vcex-heading wpex-text-2xl wpex-font-normal wpex-m-auto wpex-max-w-100 vcex-heading-plain wpex-block\"><span class=\"vcex-heading-inner wpex-inline-block wpex-clr\">S\u00fcrd\u00fcr\u00fclebilirlik bizim i\u00e7in bir g\u00f6n\u00fcl meselesidir.<\/span><\/h2><div class=\"wpb_text_column has-custom-color wpex-child-inherit-color wpb_content_element\"><div class=\"wpb_wrapper\"><p>Bu nedenle k\u0131sa tedarik yollar\u0131na sahip b\u00f6lgesel ortaklara g\u00fcveniyoruz. Tedarik\u00e7ilerimizin t\u00fcm\u00fc yaln\u0131zca 300 km'lik bir yar\u0131\u00e7ap i\u00e7inde yer almaktad\u0131r.<\/p><p>80% des Materials f\u00fcr unsere Filtersysteme beziehen wir sogar aus einem Umkreis von gerade einmal 50km. Wir verzichten auf lange Lieferwege, st\u00e4rken damit die regionale Wirtschaft und verringern den \u00f6kologischen Fu\u00dfabdruck.<\/p><\/div><\/div>\t\t\t\t\t\t\t\t<\/div>\n\t\t\t\t<\/div>\n\t\t<div class=\"elementor-element elementor-element-a403818 e-con-full e-flex e-con e-child\" data-id=\"a403818\" data-element_type=\"container\" data-e-type=\"container\">\n\t\t\t\t<div class=\"elementor-element elementor-element-94b6163 elementor-widget elementor-widget-image\" data-id=\"94b6163\" data-element_type=\"widget\" data-e-type=\"widget\" data-widget_type=\"image.default\">\n\t\t\t\t\t\t\t\t\t\t\t\t\t\t\t<img decoding=\"async\" width=\"698\" height=\"1024\" src=\"https:\/\/bg-filtration.de\/wp-content\/uploads\/2026\/03\/bg-filtration-filtration-ressourcen-3-698x1024.webp\" class=\"attachment-large size-large wp-image-5270\" alt=\"bg filtrasyonu s\u00fcrd\u00fcr\u00fclebilirlik\" srcset=\"https:\/\/bg-filtration.de\/wp-content\/uploads\/2026\/03\/bg-filtration-filtration-ressourcen-3-698x1024.webp 698w, https:\/\/bg-filtration.de\/wp-content\/uploads\/2026\/03\/bg-filtration-filtration-ressourcen-3-205x300.webp 205w, https:\/\/bg-filtration.de\/wp-content\/uploads\/2026\/03\/bg-filtration-filtration-ressourcen-3-768x1126.webp 768w, https:\/\/bg-filtration.de\/wp-content\/uploads\/2026\/03\/bg-filtration-filtration-ressourcen-3.webp 815w\" sizes=\"(max-width: 698px) 100vw, 698px\" \/>\t\t\t\t\t\t\t\t\t\t\t\t\t\t\t<\/div>\n\t\t\t\t<\/div>\n\t\t\t\t<\/div>\n\t\t\t\t<\/div>","protected":false},"excerpt":{"rendered":"<p>Qualit\u00e4t als f\u00fchrendes Merkmal Qualit\u00e4t steht bei bg filtration seit jeher an oberster Stelle. Engineering und Fertigung unter einem Dach, optimierte Prozesse sowie qualifiziertes Personal, sichern einen hohen Qualit\u00e4tsstandard. Als Teil unseres kontinuierlichen Qualit\u00e4tskreislaufes, werden erkannte Fehler in der Fertigung umgehend konstruktiv beseitigt. Jedes Produkt wird vor der Auslieferung kontrolliert. Unsere Filter sind durchschnittlich\u00a0\u00fcber 30 [&hellip;]<\/p>\n","protected":false},"author":1,"featured_media":0,"parent":0,"menu_order":0,"comment_status":"closed","ping_status":"closed","template":"elementor_header_footer","meta":{"footnotes":""},"class_list":["post-614","page","type-page","status-publish","hentry"],"yoast_head":"<!-- This site is optimized with the Yoast SEO Premium plugin v27.1 (Yoast SEO v27.1.1) - https:\/\/yoast.com\/product\/yoast-seo-premium-wordpress\/ -->\n<title>Qualit\u00e4t und Nachhaltigkeit - bg-filtration<\/title>\n<meta name=\"robots\" content=\"index, follow, max-snippet:-1, max-image-preview:large, max-video-preview:-1\" \/>\n<link rel=\"canonical\" href=\"https:\/\/bg-filtration.de\/tr\/kalite-ve-suerdueruelebilirlik\/\" \/>\n<meta property=\"og:locale\" content=\"tr_TR\" \/>\n<meta property=\"og:type\" content=\"article\" \/>\n<meta property=\"og:title\" content=\"Qualit\u00e4t und Nachhaltigkeit\" \/>\n<meta property=\"og:description\" content=\"Qualit\u00e4t als f\u00fchrendes Merkmal Qualit\u00e4t steht bei bg filtration seit jeher an oberster Stelle. Engineering und Fertigung unter einem Dach, optimierte Prozesse sowie qualifiziertes Personal, sichern einen hohen Qualit\u00e4tsstandard. Als Teil unseres kontinuierlichen Qualit\u00e4tskreislaufes, werden erkannte Fehler in der Fertigung umgehend konstruktiv beseitigt. Jedes Produkt wird vor der Auslieferung kontrolliert. Unsere Filter sind durchschnittlich\u00a0\u00fcber 30 [&hellip;]\" \/>\n<meta property=\"og:url\" content=\"https:\/\/bg-filtration.de\/tr\/kalite-ve-suerdueruelebilirlik\/\" \/>\n<meta property=\"og:site_name\" content=\"bg-filtration\" \/>\n<meta property=\"article:modified_time\" content=\"2026-03-09T09:23:27+00:00\" \/>\n<meta property=\"og:image\" content=\"https:\/\/bg-filtration.de\/wp-content\/uploads\/2026\/03\/bg-filtration-montage.webp\" \/>\n\t<meta property=\"og:image:width\" content=\"1900\" \/>\n\t<meta property=\"og:image:height\" content=\"1267\" \/>\n\t<meta property=\"og:image:type\" content=\"image\/webp\" \/>\n<meta name=\"twitter:card\" content=\"summary_large_image\" \/>\n<meta name=\"twitter:label1\" content=\"Est. reading time\" \/>\n\t<meta name=\"twitter:data1\" content=\"1 dakika\" \/>\n<script type=\"application\/ld+json\" class=\"yoast-schema-graph\">{\"@context\":\"https:\/\/schema.org\",\"@graph\":[{\"@type\":\"WebPage\",\"@id\":\"https:\/\/bg-filtration.de\/qualitaet-und-nachhaltigkeit\/\",\"url\":\"https:\/\/bg-filtration.de\/qualitaet-und-nachhaltigkeit\/\",\"name\":\"Qualit\u00e4t und Nachhaltigkeit - bg-filtration\",\"isPartOf\":{\"@id\":\"https:\/\/bg-filtration.de\/#website\"},\"primaryImageOfPage\":{\"@id\":\"https:\/\/bg-filtration.de\/qualitaet-und-nachhaltigkeit\/#primaryimage\"},\"image\":{\"@id\":\"https:\/\/bg-filtration.de\/qualitaet-und-nachhaltigkeit\/#primaryimage\"},\"thumbnailUrl\":\"https:\/\/bg-filtration.de\/wp-content\/uploads\/2026\/03\/bg-filtration-montage-1024x683.webp\",\"datePublished\":\"2025-11-24T22:11:38+00:00\",\"dateModified\":\"2026-03-09T09:23:27+00:00\",\"breadcrumb\":{\"@id\":\"https:\/\/bg-filtration.de\/qualitaet-und-nachhaltigkeit\/#breadcrumb\"},\"inLanguage\":\"tr\",\"potentialAction\":[{\"@type\":\"ReadAction\",\"target\":[\"https:\/\/bg-filtration.de\/qualitaet-und-nachhaltigkeit\/\"]}]},{\"@type\":\"ImageObject\",\"inLanguage\":\"tr\",\"@id\":\"https:\/\/bg-filtration.de\/qualitaet-und-nachhaltigkeit\/#primaryimage\",\"url\":\"https:\/\/bg-filtration.de\/wp-content\/uploads\/2026\/03\/bg-filtration-montage-1024x683.webp\",\"contentUrl\":\"https:\/\/bg-filtration.de\/wp-content\/uploads\/2026\/03\/bg-filtration-montage-1024x683.webp\"},{\"@type\":\"BreadcrumbList\",\"@id\":\"https:\/\/bg-filtration.de\/qualitaet-und-nachhaltigkeit\/#breadcrumb\",\"itemListElement\":[{\"@type\":\"ListItem\",\"position\":1,\"name\":\"Start\",\"item\":\"https:\/\/bg-filtration.de\/\"},{\"@type\":\"ListItem\",\"position\":2,\"name\":\"Qualit\u00e4t und Nachhaltigkeit\"}]},{\"@type\":\"WebSite\",\"@id\":\"https:\/\/bg-filtration.de\/#website\",\"url\":\"https:\/\/bg-filtration.de\/\",\"name\":\"bg-filtration\",\"description\":\"Industrielle Filtersysteme\",\"publisher\":{\"@id\":\"https:\/\/bg-filtration.de\/#organization\"},\"potentialAction\":[{\"@type\":\"SearchAction\",\"target\":{\"@type\":\"EntryPoint\",\"urlTemplate\":\"https:\/\/bg-filtration.de\/?s={search_term_string}\"},\"query-input\":{\"@type\":\"PropertyValueSpecification\",\"valueRequired\":true,\"valueName\":\"search_term_string\"}}],\"inLanguage\":\"tr\"},{\"@type\":\"Organization\",\"@id\":\"https:\/\/bg-filtration.de\/#organization\",\"name\":\"bg filtration gmbh\",\"url\":\"https:\/\/bg-filtration.de\/\",\"logo\":{\"@type\":\"ImageObject\",\"inLanguage\":\"tr\",\"@id\":\"https:\/\/bg-filtration.de\/#\/schema\/logo\/image\/\",\"url\":\"https:\/\/bg-filtration.de\/wp-content\/uploads\/2025\/11\/bg-filtration-logo.svg\",\"contentUrl\":\"https:\/\/bg-filtration.de\/wp-content\/uploads\/2025\/11\/bg-filtration-logo.svg\",\"width\":713,\"height\":155,\"caption\":\"bg filtration gmbh\"},\"image\":{\"@id\":\"https:\/\/bg-filtration.de\/#\/schema\/logo\/image\/\"},\"sameAs\":[\"https:\/\/www.linkedin.com\/company\/bg-filtration-gmbh\"],\"description\":\"Als Hersteller industrieller Filtersysteme realisieren wir f\u00fcr zahlreiche Branchen L\u00f6sungen zur sicheren Abscheidung von Staub, Sch\u00fcttg\u00fctern, Aerosolen und explosionsf\u00e4higen Stoffen. Individuell ausgelegt auf Ihre Anwendung - f\u00fcr saubere Prozesse und maximale Sicherheit.\",\"email\":\"info@bg-filtration.de\",\"telephone\":\"+49 7159 8069-0\",\"legalName\":\"bg filtration gmbh\",\"foundingDate\":\"1971-01-01\"}]}<\/script>\n<!-- \/ Yoast SEO Premium plugin. -->","yoast_head_json":{"title":"Kalite ve S\u00fcrd\u00fcr\u00fclebilirlik - bg-filtration","robots":{"index":"index","follow":"follow","max-snippet":"max-snippet:-1","max-image-preview":"max-image-preview:large","max-video-preview":"max-video-preview:-1"},"canonical":"https:\/\/bg-filtration.de\/tr\/kalite-ve-suerdueruelebilirlik\/","og_locale":"tr_TR","og_type":"article","og_title":"Qualit\u00e4t und Nachhaltigkeit","og_description":"Qualit\u00e4t als f\u00fchrendes Merkmal Qualit\u00e4t steht bei bg filtration seit jeher an oberster Stelle. Engineering und Fertigung unter einem Dach, optimierte Prozesse sowie qualifiziertes Personal, sichern einen hohen Qualit\u00e4tsstandard. Als Teil unseres kontinuierlichen Qualit\u00e4tskreislaufes, werden erkannte Fehler in der Fertigung umgehend konstruktiv beseitigt. Jedes Produkt wird vor der Auslieferung kontrolliert. Unsere Filter sind durchschnittlich\u00a0\u00fcber 30 [&hellip;]","og_url":"https:\/\/bg-filtration.de\/tr\/kalite-ve-suerdueruelebilirlik\/","og_site_name":"bg-filtration","article_modified_time":"2026-03-09T09:23:27+00:00","og_image":[{"width":1900,"height":1267,"url":"https:\/\/bg-filtration.de\/wp-content\/uploads\/2026\/03\/bg-filtration-montage.webp","type":"image\/webp"}],"twitter_card":"summary_large_image","twitter_misc":{"Est. reading time":"1 dakika"},"schema":{"@context":"https:\/\/schema.org","@graph":[{"@type":"WebPage","@id":"https:\/\/bg-filtration.de\/qualitaet-und-nachhaltigkeit\/","url":"https:\/\/bg-filtration.de\/qualitaet-und-nachhaltigkeit\/","name":"Kalite ve S\u00fcrd\u00fcr\u00fclebilirlik - bg-filtration","isPartOf":{"@id":"https:\/\/bg-filtration.de\/#website"},"primaryImageOfPage":{"@id":"https:\/\/bg-filtration.de\/qualitaet-und-nachhaltigkeit\/#primaryimage"},"image":{"@id":"https:\/\/bg-filtration.de\/qualitaet-und-nachhaltigkeit\/#primaryimage"},"thumbnailUrl":"https:\/\/bg-filtration.de\/wp-content\/uploads\/2026\/03\/bg-filtration-montage-1024x683.webp","datePublished":"2025-11-24T22:11:38+00:00","dateModified":"2026-03-09T09:23:27+00:00","breadcrumb":{"@id":"https:\/\/bg-filtration.de\/qualitaet-und-nachhaltigkeit\/#breadcrumb"},"inLanguage":"tr","potentialAction":[{"@type":"ReadAction","target":["https:\/\/bg-filtration.de\/qualitaet-und-nachhaltigkeit\/"]}]},{"@type":"ImageObject","inLanguage":"tr","@id":"https:\/\/bg-filtration.de\/qualitaet-und-nachhaltigkeit\/#primaryimage","url":"https:\/\/bg-filtration.de\/wp-content\/uploads\/2026\/03\/bg-filtration-montage-1024x683.webp","contentUrl":"https:\/\/bg-filtration.de\/wp-content\/uploads\/2026\/03\/bg-filtration-montage-1024x683.webp"},{"@type":"BreadcrumbList","@id":"https:\/\/bg-filtration.de\/qualitaet-und-nachhaltigkeit\/#breadcrumb","itemListElement":[{"@type":"ListItem","position":1,"name":"Start","item":"https:\/\/bg-filtration.de\/"},{"@type":"ListItem","position":2,"name":"Qualit\u00e4t und Nachhaltigkeit"}]},{"@type":"WebSite","@id":"https:\/\/bg-filtration.de\/#website","url":"https:\/\/bg-filtration.de\/","name":"bg-filtreleme","description":"End\u00fcstriyel Filtre Sistemleri","publisher":{"@id":"https:\/\/bg-filtration.de\/#organization"},"potentialAction":[{"@type":"SearchAction","target":{"@type":"EntryPoint","urlTemplate":"https:\/\/bg-filtration.de\/?s={search_term_string}"},"query-input":{"@type":"PropertyValueSpecification","valueRequired":true,"valueName":"search_term_string"}}],"inLanguage":"tr"},{"@type":"Organization","@id":"https:\/\/bg-filtration.de\/#organization","name":"bg filtration gmbh","url":"https:\/\/bg-filtration.de\/","logo":{"@type":"ImageObject","inLanguage":"tr","@id":"https:\/\/bg-filtration.de\/#\/schema\/logo\/image\/","url":"https:\/\/bg-filtration.de\/wp-content\/uploads\/2025\/11\/bg-filtration-logo.svg","contentUrl":"https:\/\/bg-filtration.de\/wp-content\/uploads\/2025\/11\/bg-filtration-logo.svg","width":713,"height":155,"caption":"bg filtration gmbh"},"image":{"@id":"https:\/\/bg-filtration.de\/#\/schema\/logo\/image\/"},"sameAs":["https:\/\/www.linkedin.com\/company\/bg-filtration-gmbh"],"description":"End\u00fcstriyel filtre sistemleri \u00fcreticisi olarak, toz, d\u00f6kme malzemeler, aerosoller ve patlay\u0131c\u0131 maddelerin g\u00fcvenli bir \u015fekilde ayr\u0131lmas\u0131 i\u00e7in say\u0131s\u0131z sekt\u00f6rde \u00e7\u00f6z\u00fcmler sunmaktay\u0131z. Uygulaman\u0131za \u00f6zel olarak tasarlanm\u0131\u015f - temiz prosesler ve maksimum g\u00fcvenlik i\u00e7in.","email":"info@bg-filtration.de","telephone":"+49 7159 8069-0","legalName":"bg filtration gmbh","foundingDate":"1971-01-01"}]}},"_links":{"self":[{"href":"https:\/\/bg-filtration.de\/tr\/wp-json\/wp\/v2\/pages\/614","targetHints":{"allow":["GET"]}}],"collection":[{"href":"https:\/\/bg-filtration.de\/tr\/wp-json\/wp\/v2\/pages"}],"about":[{"href":"https:\/\/bg-filtration.de\/tr\/wp-json\/wp\/v2\/types\/page"}],"author":[{"embeddable":true,"href":"https:\/\/bg-filtration.de\/tr\/wp-json\/wp\/v2\/users\/1"}],"replies":[{"embeddable":true,"href":"https:\/\/bg-filtration.de\/tr\/wp-json\/wp\/v2\/comments?post=614"}],"version-history":[{"count":0,"href":"https:\/\/bg-filtration.de\/tr\/wp-json\/wp\/v2\/pages\/614\/revisions"}],"wp:attachment":[{"href":"https:\/\/bg-filtration.de\/tr\/wp-json\/wp\/v2\/media?parent=614"}],"curies":[{"name":"wp","href":"https:\/\/api.w.org\/{rel}","templated":true}]}}