{"id":7555,"date":"2026-03-24T11:18:39","date_gmt":"2026-03-24T11:18:39","guid":{"rendered":"https:\/\/bg-filtration.de\/?page_id=7555"},"modified":"2026-03-24T12:45:23","modified_gmt":"2026-03-24T12:45:23","slug":"kariyer","status":"publish","type":"page","link":"https:\/\/bg-filtration.de\/tr\/karriere\/","title":{"rendered":"Kariyer"},"content":{"rendered":"\t\t<div data-elementor-type=\"wp-page\" data-elementor-id=\"7555\" class=\"elementor elementor-7555\" data-elementor-post-type=\"page\">\n\t\t\t\t<div class=\"elementor-element elementor-element-36464000 e-con-full e-flex e-con e-parent\" data-id=\"36464000\" data-element_type=\"container\" data-e-type=\"container\">\n\t\t<div class=\"elementor-element elementor-element-101646f e-con-full e-flex e-con e-child\" data-id=\"101646f\" data-element_type=\"container\" data-e-type=\"container\">\n\t\t\t\t<div class=\"elementor-element elementor-element-676f3e20 elementor-widget elementor-widget-heading\" data-id=\"676f3e20\" data-element_type=\"widget\" data-e-type=\"widget\" data-widget_type=\"heading.default\">\n\t\t\t\t\t<h1 class=\"elementor-heading-title elementor-size-default\">Anspruchsvolle Aufgaben. Kurze Wege. Echte Verantwortung. Ihre Karriere bei bg filtration.<\/h1>\t\t\t\t<\/div>\n\t\t\t\t<div class=\"elementor-element elementor-element-3cae8bde elementor-widget elementor-widget-text-editor\" data-id=\"3cae8bde\" data-element_type=\"widget\" data-e-type=\"widget\" data-widget_type=\"text-editor.default\">\n\t\t\t\t\t\t\t\t\t<p>Wir bei bg filtration halten Industrien sauber \u2014 buchst\u00e4blich. Als Hersteller f\u00fcr industrielle Filtersysteme liefern wir ma\u00dfgeschneiderte L\u00f6sungen f\u00fcr anspruchsvolle Umgebungen weltweit. An unserem Standort in Renningen erwartet Sie ein \u00fcberschaubares, kollegiales Team, flexible Arbeitszeiten und kurze Entscheidungswege. Wer mitdenken will und Verantwortung sch\u00e4tzt, findet hier den richtigen Platz.<\/p>\t\t\t\t\t\t\t\t<\/div>\n\t\t\t\t<\/div>\n\t\t<div class=\"elementor-element elementor-element-58ef4bcc e-con-full e-flex e-con e-child\" data-id=\"58ef4bcc\" data-element_type=\"container\" data-e-type=\"container\">\n\t\t\t\t<div class=\"elementor-element elementor-element-52495987 elementor-invisible elementor-widget elementor-widget-image\" data-id=\"52495987\" data-element_type=\"widget\" data-e-type=\"widget\" data-settings=\"{&quot;_animation&quot;:&quot;fadeInRight&quot;}\" data-widget_type=\"image.default\">\n\t\t\t\t\t\t\t\t\t\t\t\t\t\t\t<img fetchpriority=\"high\" decoding=\"async\" width=\"800\" height=\"532\" src=\"https:\/\/bg-filtration.de\/wp-content\/uploads\/2026\/03\/bg-filtration-schweisser-1024x681.webp\" class=\"attachment-large size-large wp-image-7579\" alt=\"bg-filtration-Jobs\" srcset=\"https:\/\/bg-filtration.de\/wp-content\/uploads\/2026\/03\/bg-filtration-schweisser-1024x681.webp 1024w, https:\/\/bg-filtration.de\/wp-content\/uploads\/2026\/03\/bg-filtration-schweisser-300x200.webp 300w, https:\/\/bg-filtration.de\/wp-content\/uploads\/2026\/03\/bg-filtration-schweisser-768x511.webp 768w, https:\/\/bg-filtration.de\/wp-content\/uploads\/2026\/03\/bg-filtration-schweisser-18x12.webp 18w, https:\/\/bg-filtration.de\/wp-content\/uploads\/2026\/03\/bg-filtration-schweisser.webp 1500w\" sizes=\"(max-width: 800px) 100vw, 800px\" \/>\t\t\t\t\t\t\t\t\t\t\t\t\t\t\t<\/div>\n\t\t\t\t<\/div>\n\t\t\t\t<\/div>\n\t\t<div class=\"elementor-element elementor-element-0b4ff21 e-con-full e-flex e-con e-parent\" data-id=\"0b4ff21\" data-element_type=\"container\" data-e-type=\"container\">\n\t\t<div class=\"elementor-element elementor-element-36e1c50 e-con-full e-flex e-con e-child\" data-id=\"36e1c50\" data-element_type=\"container\" data-e-type=\"container\">\n\t\t\t\t<div class=\"elementor-element elementor-element-27453658 elementor-widget elementor-widget-text-editor\" data-id=\"27453658\" data-element_type=\"widget\" data-e-type=\"widget\" data-widget_type=\"text-editor.default\">\n\t\t\t\t\t\t\t\t\t<h2 class=\"vcex-module vcex-heading wpex-text-2xl wpex-font-normal wpex-m-auto wpex-max-w-100 vcex-heading-plain wpex-block\"><span class=\"vcex-heading-inner wpex-inline-block wpex-clr\">In diesen Bereichen brauchen wir Ihre Unterst\u00fctzung<\/span><\/h2><div class=\"wpb_text_column has-custom-color wpex-child-inherit-color wpb_content_element \"><div class=\"wpb_wrapper\">\u00a0<\/div><\/div>\t\t\t\t\t\t\t\t<\/div>\n\t\t\t\t<\/div>\n\t\t<div class=\"elementor-element elementor-element-5e9e3cb e-con-full e-flex e-con e-child\" data-id=\"5e9e3cb\" data-element_type=\"container\" data-e-type=\"container\">\n\t\t\t\t<div class=\"elementor-element elementor-element-e3deab4 elementor-grid-2 elementor-grid-tablet-1 elementor-grid-mobile-1 elementor-posts--thumbnail-top elementor-widget elementor-widget-posts\" data-id=\"e3deab4\" data-element_type=\"widget\" data-e-type=\"widget\" data-settings=\"{&quot;classic_columns&quot;:&quot;2&quot;,&quot;classic_columns_tablet&quot;:&quot;1&quot;,&quot;classic_columns_mobile&quot;:&quot;1&quot;,&quot;classic_row_gap&quot;:{&quot;unit&quot;:&quot;px&quot;,&quot;size&quot;:35,&quot;sizes&quot;:[]},&quot;classic_row_gap_tablet&quot;:{&quot;unit&quot;:&quot;px&quot;,&quot;size&quot;:&quot;&quot;,&quot;sizes&quot;:[]},&quot;classic_row_gap_mobile&quot;:{&quot;unit&quot;:&quot;px&quot;,&quot;size&quot;:&quot;&quot;,&quot;sizes&quot;:[]}}\" data-widget_type=\"posts.classic\">\n\t\t\t\t<div class=\"elementor-widget-container\">\n\t\t\t\t\t\t\t<div class=\"elementor-posts-container elementor-posts elementor-posts--skin-classic elementor-grid\" role=\"list\">\n\t\t\t\t<article class=\"elementor-post elementor-grid-item post-7559 post type-post status-publish format-standard has-post-thumbnail hentry category-karriere\" role=\"listitem\">\n\t\t\t\t<a class=\"elementor-post__thumbnail__link\" href=\"https:\/\/bg-filtration.de\/tr\/sachbearbeiter-in-einkauf-w-m-d\/\" tabindex=\"-1\" >\n\t\t\t<div class=\"elementor-post__thumbnail\"><img decoding=\"async\" width=\"768\" height=\"517\" src=\"https:\/\/bg-filtration.de\/wp-content\/uploads\/2026\/03\/bg-filtration-achbearbeiterin-768x517.webp\" class=\"attachment-medium_large size-medium_large wp-image-7580\" alt=\"bg-filtration-Sachbearbeiterin\" srcset=\"https:\/\/bg-filtration.de\/wp-content\/uploads\/2026\/03\/bg-filtration-achbearbeiterin-768x517.webp 768w, https:\/\/bg-filtration.de\/wp-content\/uploads\/2026\/03\/bg-filtration-achbearbeiterin-300x202.webp 300w, https:\/\/bg-filtration.de\/wp-content\/uploads\/2026\/03\/bg-filtration-achbearbeiterin-1024x689.webp 1024w, https:\/\/bg-filtration.de\/wp-content\/uploads\/2026\/03\/bg-filtration-achbearbeiterin-18x12.webp 18w, https:\/\/bg-filtration.de\/wp-content\/uploads\/2026\/03\/bg-filtration-achbearbeiterin.webp 1500w\" sizes=\"(max-width: 768px) 100vw, 768px\" \/><\/div>\n\t\t<\/a>\n\t\t\t\t<div class=\"elementor-post__text\">\n\t\t\t\t<h3 class=\"elementor-post__title\">\n\t\t\t<a href=\"https:\/\/bg-filtration.de\/tr\/sachbearbeiter-in-einkauf-w-m-d\/\" >\n\t\t\t\tSachbearbeiter\/-in Einkauf (w\/m\/d)\t\t\t<\/a>\n\t\t<\/h3>\n\t\t\t\t<div class=\"elementor-post__excerpt\">\n\t\t\t<p>Wir suchen f\u00fcr unser nettes Team Unterst\u00fctzung in der Sachbearbeitung des Einkaufsprozesses.<\/p>\n\t\t<\/div>\n\t\t\n\t\t<a class=\"elementor-post__read-more\" href=\"https:\/\/bg-filtration.de\/tr\/sachbearbeiter-in-einkauf-w-m-d\/\" aria-label=\"Read more about Sachbearbeiter\/-in Einkauf (w\/m\/d)\" tabindex=\"-1\" >\n\t\t\tzur Stellenbeschreibung\t\t<\/a>\n\n\t\t\t\t<\/div>\n\t\t\t\t<\/article>\n\t\t\t\t<\/div>\n\t\t\n\t\t\t\t\t\t<\/div>\n\t\t\t\t<\/div>\n\t\t\t\t<\/div>\n\t\t\t\t<\/div>\n\t\t<div class=\"elementor-element elementor-element-caaab6b e-flex e-con-boxed e-con e-parent\" data-id=\"caaab6b\" data-element_type=\"container\" data-e-type=\"container\" data-settings=\"{&quot;background_background&quot;:&quot;classic&quot;}\">\n\t\t\t\t\t<div class=\"e-con-inner\">\n\t\t\t\t<div class=\"elementor-element elementor-element-c0ec08c elementor-widget elementor-widget-heading\" data-id=\"c0ec08c\" data-element_type=\"widget\" data-e-type=\"widget\" data-widget_type=\"heading.default\">\n\t\t\t\t\t<h2 class=\"elementor-heading-title elementor-size-default\">Einfach initiativ bewerben<\/h2>\t\t\t\t<\/div>\n\t\t\t\t<div class=\"elementor-element elementor-element-a7d2f94 elementor-button-align-stretch elementor-widget elementor-widget-form\" data-id=\"a7d2f94\" data-element_type=\"widget\" data-e-type=\"widget\" data-settings=\"{&quot;step_next_label&quot;:&quot;N\\u00e4chster&quot;,&quot;step_previous_label&quot;:&quot;Voriger&quot;,&quot;button_width&quot;:&quot;100&quot;,&quot;step_type&quot;:&quot;number_text&quot;,&quot;step_icon_shape&quot;:&quot;circle&quot;}\" data-widget_type=\"form.default\">\n\t\t\t\t\t\t\t<form class=\"elementor-form\" method=\"post\" name=\"Initiativbewerbung\" aria-label=\"Initiativbewerbung\">\n\t\t\t<input type=\"hidden\" name=\"post_id\" value=\"7555\"\/>\n\t\t\t<input type=\"hidden\" name=\"form_id\" value=\"a7d2f94\"\/>\n\t\t\t<input type=\"hidden\" name=\"referer_title\" value=\"Karriere - bg-filtration\" \/>\n\n\t\t\t\t\t\t\t<input type=\"hidden\" name=\"queried_id\" value=\"7555\"\/>\n\t\t\t\n\t\t\t<div class=\"elementor-form-fields-wrapper elementor-labels-above\">\n\t\t\t\t\t\t\t\t<div class=\"elementor-field-type-text\">\n\t\t\t\t\t<input size=\"1\" type=\"text\" name=\"form_fields[field_ed1cc2f]\" id=\"form-field-field_ed1cc2f\" class=\"elementor-field elementor-size-sm \" style=\"display:none !important;\">\t\t\t\t<\/div>\n\t\t\t\t\t\t\t\t<div class=\"elementor-field-type-text elementor-field-group elementor-column elementor-field-group-field_6016dd2 elementor-col-100 elementor-field-required\">\n\t\t\t\t\t\t\t\t\t\t\t\t<label for=\"form-field-field_6016dd2\" class=\"elementor-field-label\">\n\t\t\t\t\t\t\t\tVorname, Nachname\t\t\t\t\t\t\t<\/label>\n\t\t\t\t\t\t\t\t\t\t\t\t\t\t<input size=\"1\" type=\"text\" name=\"form_fields[field_6016dd2]\" id=\"form-field-field_6016dd2\" class=\"elementor-field elementor-size-sm  elementor-field-textual\" placeholder=\"Vorname, Nachname\" required=\"required\">\n\t\t\t\t\t\t\t\t\t\t\t<\/div>\n\t\t\t\t\t\t\t\t<div class=\"elementor-field-type-text elementor-field-group elementor-column elementor-field-group-field_944c5cf elementor-col-100 elementor-field-required\">\n\t\t\t\t\t\t\t\t\t\t\t\t<label for=\"form-field-field_944c5cf\" class=\"elementor-field-label\">\n\t\t\t\t\t\t\t\tPLZ \/ Ort\t\t\t\t\t\t\t<\/label>\n\t\t\t\t\t\t\t\t\t\t\t\t\t\t<input size=\"1\" type=\"text\" name=\"form_fields[field_944c5cf]\" id=\"form-field-field_944c5cf\" class=\"elementor-field elementor-size-sm  elementor-field-textual\" placeholder=\"PLZ \/ Ort\" required=\"required\">\n\t\t\t\t\t\t\t\t\t\t\t<\/div>\n\t\t\t\t\t\t\t\t<div class=\"elementor-field-type-text elementor-field-group elementor-column elementor-field-group-field_fb8bd9b elementor-col-100 elementor-field-required\">\n\t\t\t\t\t\t\t\t\t\t\t\t<label for=\"form-field-field_fb8bd9b\" class=\"elementor-field-label\">\n\t\t\t\t\t\t\t\tTelefon tags\u00fcber\t\t\t\t\t\t\t<\/label>\n\t\t\t\t\t\t\t\t\t\t\t\t\t\t<input size=\"1\" type=\"text\" name=\"form_fields[field_fb8bd9b]\" id=\"form-field-field_fb8bd9b\" class=\"elementor-field elementor-size-sm  elementor-field-textual\" placeholder=\"Telefon tags\u00fcber\" required=\"required\">\n\t\t\t\t\t\t\t\t\t\t\t<\/div>\n\t\t\t\t\t\t\t\t<div class=\"elementor-field-type-text\">\n\t\t\t\t\t<input size=\"1\" type=\"text\" name=\"form_fields[field_9fd4564]\" id=\"form-field-field_9fd4564\" class=\"elementor-field elementor-size-sm \" style=\"display:none !important;\">\t\t\t\t<\/div>\n\t\t\t\t\t\t\t\t<div class=\"elementor-field-type-email elementor-field-group elementor-column elementor-field-group-email elementor-col-100 elementor-field-required\">\n\t\t\t\t\t\t\t\t\t\t\t\t<label for=\"form-field-email\" class=\"elementor-field-label\">\n\t\t\t\t\t\t\t\tE-Mail\t\t\t\t\t\t\t<\/label>\n\t\t\t\t\t\t\t\t\t\t\t\t\t\t<input size=\"1\" type=\"email\" name=\"form_fields[email]\" id=\"form-field-email\" class=\"elementor-field elementor-size-sm  elementor-field-textual\" placeholder=\"E-Mail\" required=\"required\">\n\t\t\t\t\t\t\t\t\t\t\t<\/div>\n\t\t\t\t\t\t\t\t<div class=\"elementor-field-type-text\">\n\t\t\t\t\t<input size=\"1\" type=\"text\" name=\"form_fields[field_7b2490b]\" id=\"form-field-field_7b2490b\" class=\"elementor-field elementor-size-sm \" style=\"display:none !important;\">\t\t\t\t<\/div>\n\t\t\t\t\t\t\t\t<div class=\"elementor-field-type-checkbox elementor-field-group elementor-column elementor-field-group-field_33ec061 elementor-col-100\">\n\t\t\t\t\t\t\t\t\t\t\t\t<label for=\"form-field-field_33ec061\" class=\"elementor-field-label\">\n\t\t\t\t\t\t\t\tIch bewerbe mich auf folgende Stelle\t\t\t\t\t\t\t<\/label>\n\t\t\t\t\t\t<div class=\"elementor-field-subgroup  \"><span class=\"elementor-field-option\"><input type=\"checkbox\" value=\"initiativ\" id=\"form-field-field_33ec061-0\" name=\"form_fields[field_33ec061][]\"> <label for=\"form-field-field_33ec061-0\">initiativ<\/label><\/span><span class=\"elementor-field-option\"><input type=\"checkbox\" value=\"Sachbearbeiter\/-in Einkauf\" id=\"form-field-field_33ec061-1\" name=\"form_fields[field_33ec061][]\"> <label for=\"form-field-field_33ec061-1\">Sachbearbeiter\/-in Einkauf<\/label><\/span><\/div>\t\t\t\t<\/div>\n\t\t\t\t\t\t\t\t<div class=\"elementor-field-type-textarea elementor-field-group elementor-column elementor-field-group-field_91f35c3 elementor-col-100\">\n\t\t\t\t\t\t\t\t\t\t\t\t<label for=\"form-field-field_91f35c3\" class=\"elementor-field-label\">\n\t\t\t\t\t\t\t\tEin paar Worte \u00fcber mich\t\t\t\t\t\t\t<\/label>\n\t\t\t\t\t\t<textarea class=\"elementor-field-textual elementor-field  elementor-size-sm\" name=\"form_fields[field_91f35c3]\" id=\"form-field-field_91f35c3\" rows=\"5\" placeholder=\"Ein paar Worte \u00fcber mich\"><\/textarea>\t\t\t\t<\/div>\n\t\t\t\t\t\t\t\t<div class=\"elementor-field-type-upload elementor-field-group elementor-column elementor-field-group-field_10b648c elementor-col-100\">\n\t\t\t\t\t\t\t\t\t\t\t\t<label for=\"form-field-field_10b648c\" class=\"elementor-field-label\">\n\t\t\t\t\t\t\t\tLebenslauf hochladen\t\t\t\t\t\t\t<\/label>\n\t\t\t\t\t\t\t\t<input type=\"file\" name=\"form_fields[field_10b648c][]\" id=\"form-field-field_10b648c\" class=\"elementor-field elementor-size-sm  elementor-upload-field\" multiple=\"multiple\" data-maxsize=\"10\" data-maxsize-message=\"Bu dosya izin verilen maksimum boyutu a\u015f\u0131yor.\">\n\n\t\t\t\t\t\t<\/div>\n\t\t\t\t\t\t\t\t<div class=\"elementor-field-type-acceptance elementor-field-group elementor-column elementor-field-group-field_614fb02 elementor-col-100\">\n\t\t\t\t\t\t\t\t\t\t\t\t<label for=\"form-field-field_614fb02\" class=\"elementor-field-label\">\n\t\t\t\t\t\t\t\tEinwilligung\t\t\t\t\t\t\t<\/label>\n\t\t\t\t\t\t\t\t<div class=\"elementor-field-subgroup\">\n\t\t\t<span class=\"elementor-field-option\">\n\t\t\t\t<input type=\"checkbox\" name=\"form_fields[field_614fb02]\" id=\"form-field-field_614fb02\" class=\"elementor-field elementor-size-sm  elementor-acceptance-field\">\n\t\t\t\t<label for=\"form-field-field_614fb02\">Ich willige ein, dass diese Website meine \u00fcbermittelten Informationen speichert, sodass meine Anfrage beantwortet werden kann.<\/label>\t\t\t<\/span>\n\t\t<\/div>\n\t\t\t\t\t\t<\/div>\n\t\t\t\t\t\t\t\t<div class=\"elementor-field-type-recaptcha_v3 elementor-field-group elementor-column elementor-field-group-field_489064e elementor-col-100 recaptcha_v3-bottomright\">\n\t\t\t\t\t<div class=\"elementor-field\" id=\"form-field-field_489064e\"><div class=\"elementor-g-recaptcha\" data-sitekey=\"6Le-aYwsAAAAAJjygGU5R8aCmSuvBx9ckSk9RV2M\" data-type=\"v3\" data-action=\"Form\" data-badge=\"bottomright\" data-size=\"invisible\"><\/div><\/div>\t\t\t\t<\/div>\n\t\t\t\t\t\t\t\t<div class=\"elementor-field-group elementor-column elementor-field-type-submit elementor-col-100 e-form__buttons\">\n\t\t\t\t\t<button class=\"elementor-button elementor-size-sm\" type=\"submit\">\n\t\t\t\t\t\t<span class=\"elementor-button-content-wrapper\">\n\t\t\t\t\t\t\t\t\t\t\t\t\t\t\t\t\t\t\t\t\t\t<span class=\"elementor-button-text\">Senden<\/span>\n\t\t\t\t\t\t\t\t\t\t\t\t\t<\/span>\n\t\t\t\t\t<\/button>\n\t\t\t\t<\/div>\n\t\t\t<\/div>\n\t\t<\/form>\n\t\t\t\t\t\t<\/div>\n\t\t\t\t\t<\/div>\n\t\t\t\t<\/div>\n\t\t\t\t<\/div>\n\t\t","protected":false},"excerpt":{"rendered":"<p>Anspruchsvolle Aufgaben. Kurze Wege. Echte Verantwortung. Ihre Karriere bei bg filtration. Wir bei bg filtration halten Industrien sauber \u2014 buchst\u00e4blich. Als Hersteller f\u00fcr industrielle Filtersysteme liefern wir ma\u00dfgeschneiderte L\u00f6sungen f\u00fcr anspruchsvolle Umgebungen weltweit. An unserem Standort in Renningen erwartet Sie ein \u00fcberschaubares, kollegiales Team, flexible Arbeitszeiten und kurze Entscheidungswege. Wer mitdenken will und Verantwortung sch\u00e4tzt, [&hellip;]<\/p>\n","protected":false},"author":1,"featured_media":0,"parent":0,"menu_order":0,"comment_status":"closed","ping_status":"closed","template":"elementor_header_footer","meta":{"footnotes":""},"class_list":["post-7555","page","type-page","status-publish","hentry"],"yoast_head":"<!-- This site is optimized with the Yoast SEO Premium plugin v27.1 (Yoast SEO v27.1.1) - https:\/\/yoast.com\/product\/yoast-seo-premium-wordpress\/ -->\n<title>Karriere - bg-filtration<\/title>\n<meta name=\"robots\" content=\"index, follow, max-snippet:-1, max-image-preview:large, max-video-preview:-1\" \/>\n<link rel=\"canonical\" href=\"https:\/\/bg-filtration.de\/tr\/kariyer\/\" \/>\n<meta property=\"og:locale\" content=\"tr_TR\" \/>\n<meta property=\"og:type\" content=\"article\" \/>\n<meta property=\"og:title\" content=\"Karriere\" \/>\n<meta property=\"og:description\" content=\"Anspruchsvolle Aufgaben. Kurze Wege. Echte Verantwortung. Ihre Karriere bei bg filtration. Wir bei bg filtration halten Industrien sauber \u2014 buchst\u00e4blich. Als Hersteller f\u00fcr industrielle Filtersysteme liefern wir ma\u00dfgeschneiderte L\u00f6sungen f\u00fcr anspruchsvolle Umgebungen weltweit. An unserem Standort in Renningen erwartet Sie ein \u00fcberschaubares, kollegiales Team, flexible Arbeitszeiten und kurze Entscheidungswege. Wer mitdenken will und Verantwortung sch\u00e4tzt, [&hellip;]\" \/>\n<meta property=\"og:url\" content=\"https:\/\/bg-filtration.de\/tr\/kariyer\/\" \/>\n<meta property=\"og:site_name\" content=\"bg-filtration\" \/>\n<meta property=\"article:modified_time\" content=\"2026-03-24T12:45:23+00:00\" \/>\n<meta property=\"og:image\" content=\"https:\/\/bg-filtration.de\/wp-content\/uploads\/2026\/03\/bg-filtration-schweisser.webp\" \/>\n\t<meta property=\"og:image:width\" content=\"1500\" \/>\n\t<meta property=\"og:image:height\" content=\"998\" \/>\n\t<meta property=\"og:image:type\" content=\"image\/webp\" \/>\n<meta name=\"twitter:card\" content=\"summary_large_image\" \/>\n<meta name=\"twitter:label1\" content=\"Est. reading time\" \/>\n\t<meta name=\"twitter:data1\" content=\"1 dakika\" \/>\n<script type=\"application\/ld+json\" class=\"yoast-schema-graph\">{\"@context\":\"https:\/\/schema.org\",\"@graph\":[{\"@type\":\"WebPage\",\"@id\":\"https:\/\/bg-filtration.de\/karriere\/\",\"url\":\"https:\/\/bg-filtration.de\/karriere\/\",\"name\":\"Karriere - bg-filtration\",\"isPartOf\":{\"@id\":\"https:\/\/bg-filtration.de\/#website\"},\"primaryImageOfPage\":{\"@id\":\"https:\/\/bg-filtration.de\/karriere\/#primaryimage\"},\"image\":{\"@id\":\"https:\/\/bg-filtration.de\/karriere\/#primaryimage\"},\"thumbnailUrl\":\"https:\/\/bg-filtration.de\/wp-content\/uploads\/2026\/03\/bg-filtration-schweisser-1024x681.webp\",\"datePublished\":\"2026-03-24T11:18:39+00:00\",\"dateModified\":\"2026-03-24T12:45:23+00:00\",\"breadcrumb\":{\"@id\":\"https:\/\/bg-filtration.de\/karriere\/#breadcrumb\"},\"inLanguage\":\"tr\",\"potentialAction\":[{\"@type\":\"ReadAction\",\"target\":[\"https:\/\/bg-filtration.de\/karriere\/\"]}]},{\"@type\":\"ImageObject\",\"inLanguage\":\"tr\",\"@id\":\"https:\/\/bg-filtration.de\/karriere\/#primaryimage\",\"url\":\"https:\/\/bg-filtration.de\/wp-content\/uploads\/2026\/03\/bg-filtration-schweisser-1024x681.webp\",\"contentUrl\":\"https:\/\/bg-filtration.de\/wp-content\/uploads\/2026\/03\/bg-filtration-schweisser-1024x681.webp\"},{\"@type\":\"BreadcrumbList\",\"@id\":\"https:\/\/bg-filtration.de\/karriere\/#breadcrumb\",\"itemListElement\":[{\"@type\":\"ListItem\",\"position\":1,\"name\":\"Start\",\"item\":\"https:\/\/bg-filtration.de\/\"},{\"@type\":\"ListItem\",\"position\":2,\"name\":\"Karriere\"}]},{\"@type\":\"WebSite\",\"@id\":\"https:\/\/bg-filtration.de\/#website\",\"url\":\"https:\/\/bg-filtration.de\/\",\"name\":\"bg-filtration\",\"description\":\"Industrielle Filtersysteme\",\"publisher\":{\"@id\":\"https:\/\/bg-filtration.de\/#organization\"},\"potentialAction\":[{\"@type\":\"SearchAction\",\"target\":{\"@type\":\"EntryPoint\",\"urlTemplate\":\"https:\/\/bg-filtration.de\/?s={search_term_string}\"},\"query-input\":{\"@type\":\"PropertyValueSpecification\",\"valueRequired\":true,\"valueName\":\"search_term_string\"}}],\"inLanguage\":\"tr\"},{\"@type\":\"Organization\",\"@id\":\"https:\/\/bg-filtration.de\/#organization\",\"name\":\"bg filtration gmbh\",\"url\":\"https:\/\/bg-filtration.de\/\",\"logo\":{\"@type\":\"ImageObject\",\"inLanguage\":\"tr\",\"@id\":\"https:\/\/bg-filtration.de\/#\/schema\/logo\/image\/\",\"url\":\"https:\/\/bg-filtration.de\/wp-content\/uploads\/2025\/11\/bg-filtration-logo.svg\",\"contentUrl\":\"https:\/\/bg-filtration.de\/wp-content\/uploads\/2025\/11\/bg-filtration-logo.svg\",\"width\":713,\"height\":155,\"caption\":\"bg filtration gmbh\"},\"image\":{\"@id\":\"https:\/\/bg-filtration.de\/#\/schema\/logo\/image\/\"},\"sameAs\":[\"https:\/\/www.linkedin.com\/company\/bg-filtration-gmbh\"],\"description\":\"Als Hersteller industrieller Filtersysteme realisieren wir f\u00fcr zahlreiche Branchen L\u00f6sungen zur sicheren Abscheidung von Staub, Sch\u00fcttg\u00fctern, Aerosolen und explosionsf\u00e4higen Stoffen. Individuell ausgelegt auf Ihre Anwendung - f\u00fcr saubere Prozesse und maximale Sicherheit.\",\"email\":\"info@bg-filtration.de\",\"telephone\":\"+49 7159 8069-0\",\"legalName\":\"bg filtration gmbh\",\"foundingDate\":\"1971-01-01\"}]}<\/script>\n<!-- \/ Yoast SEO Premium plugin. -->","yoast_head_json":{"title":"Kariyer - bg-filtrasyon","robots":{"index":"index","follow":"follow","max-snippet":"max-snippet:-1","max-image-preview":"max-image-preview:large","max-video-preview":"max-video-preview:-1"},"canonical":"https:\/\/bg-filtration.de\/tr\/kariyer\/","og_locale":"tr_TR","og_type":"article","og_title":"Karriere","og_description":"Anspruchsvolle Aufgaben. Kurze Wege. Echte Verantwortung. Ihre Karriere bei bg filtration. Wir bei bg filtration halten Industrien sauber \u2014 buchst\u00e4blich. Als Hersteller f\u00fcr industrielle Filtersysteme liefern wir ma\u00dfgeschneiderte L\u00f6sungen f\u00fcr anspruchsvolle Umgebungen weltweit. An unserem Standort in Renningen erwartet Sie ein \u00fcberschaubares, kollegiales Team, flexible Arbeitszeiten und kurze Entscheidungswege. Wer mitdenken will und Verantwortung sch\u00e4tzt, [&hellip;]","og_url":"https:\/\/bg-filtration.de\/tr\/kariyer\/","og_site_name":"bg-filtration","article_modified_time":"2026-03-24T12:45:23+00:00","og_image":[{"width":1500,"height":998,"url":"https:\/\/bg-filtration.de\/wp-content\/uploads\/2026\/03\/bg-filtration-schweisser.webp","type":"image\/webp"}],"twitter_card":"summary_large_image","twitter_misc":{"Est. reading time":"1 dakika"},"schema":{"@context":"https:\/\/schema.org","@graph":[{"@type":"WebPage","@id":"https:\/\/bg-filtration.de\/karriere\/","url":"https:\/\/bg-filtration.de\/karriere\/","name":"Kariyer - bg-filtrasyon","isPartOf":{"@id":"https:\/\/bg-filtration.de\/#website"},"primaryImageOfPage":{"@id":"https:\/\/bg-filtration.de\/karriere\/#primaryimage"},"image":{"@id":"https:\/\/bg-filtration.de\/karriere\/#primaryimage"},"thumbnailUrl":"https:\/\/bg-filtration.de\/wp-content\/uploads\/2026\/03\/bg-filtration-schweisser-1024x681.webp","datePublished":"2026-03-24T11:18:39+00:00","dateModified":"2026-03-24T12:45:23+00:00","breadcrumb":{"@id":"https:\/\/bg-filtration.de\/karriere\/#breadcrumb"},"inLanguage":"tr","potentialAction":[{"@type":"ReadAction","target":["https:\/\/bg-filtration.de\/karriere\/"]}]},{"@type":"ImageObject","inLanguage":"tr","@id":"https:\/\/bg-filtration.de\/karriere\/#primaryimage","url":"https:\/\/bg-filtration.de\/wp-content\/uploads\/2026\/03\/bg-filtration-schweisser-1024x681.webp","contentUrl":"https:\/\/bg-filtration.de\/wp-content\/uploads\/2026\/03\/bg-filtration-schweisser-1024x681.webp"},{"@type":"BreadcrumbList","@id":"https:\/\/bg-filtration.de\/karriere\/#breadcrumb","itemListElement":[{"@type":"ListItem","position":1,"name":"Start","item":"https:\/\/bg-filtration.de\/"},{"@type":"ListItem","position":2,"name":"Karriere"}]},{"@type":"WebSite","@id":"https:\/\/bg-filtration.de\/#website","url":"https:\/\/bg-filtration.de\/","name":"bg-filtreleme","description":"End\u00fcstriyel Filtre Sistemleri","publisher":{"@id":"https:\/\/bg-filtration.de\/#organization"},"potentialAction":[{"@type":"SearchAction","target":{"@type":"EntryPoint","urlTemplate":"https:\/\/bg-filtration.de\/?s={search_term_string}"},"query-input":{"@type":"PropertyValueSpecification","valueRequired":true,"valueName":"search_term_string"}}],"inLanguage":"tr"},{"@type":"Organization","@id":"https:\/\/bg-filtration.de\/#organization","name":"bg filtration gmbh","url":"https:\/\/bg-filtration.de\/","logo":{"@type":"ImageObject","inLanguage":"tr","@id":"https:\/\/bg-filtration.de\/#\/schema\/logo\/image\/","url":"https:\/\/bg-filtration.de\/wp-content\/uploads\/2025\/11\/bg-filtration-logo.svg","contentUrl":"https:\/\/bg-filtration.de\/wp-content\/uploads\/2025\/11\/bg-filtration-logo.svg","width":713,"height":155,"caption":"bg filtration gmbh"},"image":{"@id":"https:\/\/bg-filtration.de\/#\/schema\/logo\/image\/"},"sameAs":["https:\/\/www.linkedin.com\/company\/bg-filtration-gmbh"],"description":"End\u00fcstriyel filtre sistemleri \u00fcreticisi olarak, toz, d\u00f6kme malzemeler, aerosoller ve patlay\u0131c\u0131 maddelerin g\u00fcvenli bir \u015fekilde ayr\u0131lmas\u0131 i\u00e7in say\u0131s\u0131z sekt\u00f6rde \u00e7\u00f6z\u00fcmler sunmaktay\u0131z. Uygulaman\u0131za \u00f6zel olarak tasarlanm\u0131\u015f - temiz prosesler ve maksimum g\u00fcvenlik i\u00e7in.","email":"info@bg-filtration.de","telephone":"+49 7159 8069-0","legalName":"bg filtration gmbh","foundingDate":"1971-01-01"}]}},"_links":{"self":[{"href":"https:\/\/bg-filtration.de\/tr\/wp-json\/wp\/v2\/pages\/7555","targetHints":{"allow":["GET"]}}],"collection":[{"href":"https:\/\/bg-filtration.de\/tr\/wp-json\/wp\/v2\/pages"}],"about":[{"href":"https:\/\/bg-filtration.de\/tr\/wp-json\/wp\/v2\/types\/page"}],"author":[{"embeddable":true,"href":"https:\/\/bg-filtration.de\/tr\/wp-json\/wp\/v2\/users\/1"}],"replies":[{"embeddable":true,"href":"https:\/\/bg-filtration.de\/tr\/wp-json\/wp\/v2\/comments?post=7555"}],"version-history":[{"count":36,"href":"https:\/\/bg-filtration.de\/tr\/wp-json\/wp\/v2\/pages\/7555\/revisions"}],"predecessor-version":[{"id":7645,"href":"https:\/\/bg-filtration.de\/tr\/wp-json\/wp\/v2\/pages\/7555\/revisions\/7645"}],"wp:attachment":[{"href":"https:\/\/bg-filtration.de\/tr\/wp-json\/wp\/v2\/media?parent=7555"}],"curies":[{"name":"wp","href":"https:\/\/api.w.org\/{rel}","templated":true}]}}